{"id":58,"date":"2015-03-26T08:58:55","date_gmt":"2015-03-26T08:58:55","guid":{"rendered":"http:\/\/wp12210664.server-he.ch\/wordpress\/?page_id=58"},"modified":"2025-11-28T12:59:36","modified_gmt":"2025-11-28T12:59:36","slug":"selbsthilfe","status":"publish","type":"page","link":"https:\/\/lkgstillen.ch\/wordpress\/selbsthilfe\/","title":{"rendered":"Selbsthilfe"},"content":{"rendered":"<h2>Selbsthilfevereinigungen verschiedener L\u00e4nder<\/h2>\n<h4>Schweiz<\/h4>\n<h4><a href=\"http:\/\/lkgstillen.ch\/wordpress\/wp-content\/uploads\/2015\/04\/Flagge_Schweiz.jpg\"><img loading=\"lazy\" decoding=\"async\" class=\" size-full wp-image-147 alignnone\" src=\"http:\/\/lkgstillen.ch\/wordpress\/wp-content\/uploads\/2015\/04\/Flagge_Schweiz.jpg\" alt=\"Flagge_Schweiz\" width=\"81\" height=\"81\" \/><\/a><\/h4>\n<p>Vereinigung der Eltern von Spaltkindern VES<br \/>\n<a href=\"http:\/\/www.lkg-spalte.ch\" target=\"_blank\" rel=\"noopener\">http:\/\/www.lkg-spalte.ch<\/a><\/p>\n<p style=\"font-weight: 400;\">Verein LKGS Schweiz \u2013 gemeinsam stark<\/p>\n<p style=\"font-weight: 400;\">Eine Patientenorganisation f\u00fcr Betroffene, deren Angeh\u00f6rige und behandelndes Fachpersonal als Anlaufstelle, zur Information, zur Vernetzung, zur Sensibilisierung der \u00d6ffentlichkeit sowie zur Vertretung der Interessen von Betroffenen und Angeh\u00f6rigen. Der Verein bietet nebst Vernetzungsevents, Fachvortr\u00e4gen und Informationsmaterial auch eine Plattform mit Erfahrungsberichten sowie verschiedene Podcasts.<\/p>\n<p style=\"font-weight: 400;\"><a href=\"https:\/\/www.lkgs-schweiz.ch\/\" target=\"_blank\" rel=\"noopener\">https:\/\/www.lkgs-schweiz.ch\/<\/a><\/p>\n<hr \/>\n<h4>Deutschland<\/h4>\n<h4><a href=\"http:\/\/lkgstillen.ch\/wordpress\/wp-content\/uploads\/2015\/04\/Flagge_D.jpg\"><img loading=\"lazy\" decoding=\"async\" class=\"alignnone size-full wp-image-140\" src=\"http:\/\/lkgstillen.ch\/wordpress\/wp-content\/uploads\/2015\/04\/Flagge_D.jpg\" alt=\"Flagge_D\" width=\"94\" height=\"56\" \/><\/a><\/h4>\n<p>Selbsthilfevereinigung f\u00fcr Lippen-Gaumen-Fehlbildungen e.V.<br \/>\nWolfgang Rosenthal Gesellschaft<br \/>\n<a href=\"http:\/\/www.lkg-selbsthilfe.de\" target=\"_blank\" rel=\"noopener\">http:\/\/www.lkg-selbsthilfe.de<\/a><\/p>\n<p>Die Zeitschrift &#8222;Gesichter&#8220; kann bei der Wolfgang-<br \/>\nRosenthal-Gesellschaft angefordert werden<\/p>\n<div>Ifus e.V.<\/div>\n<div>Initiativvereinigung zur F\u00f6rderung und Unterst\u00fctzung f\u00fcr Spalttr\u00e4ger e. V.<\/div>\n<hr \/>\n<h4>\u00d6sterreich<\/h4>\n<p><a href=\"http:\/\/lkgstillen.ch\/wordpress\/wp-content\/uploads\/2015\/04\/Flagge_Ausstria.jpg\"><img loading=\"lazy\" decoding=\"async\" class=\"alignnone size-full wp-image-139\" src=\"http:\/\/lkgstillen.ch\/wordpress\/wp-content\/uploads\/2015\/04\/Flagge_Ausstria.jpg\" alt=\"Flagge_Ausstria\" width=\"94\" height=\"62\" \/><\/a><\/p>\n<p>Selbsthilfegruppe f\u00fcr Eltern<br \/>\nvon Kindern mit einer Lippen-, Kiefer-Gaumenspalte<\/p>\n<hr \/>\n<h4>Italien<\/h4>\n<h4><a href=\"http:\/\/lkgstillen.ch\/wordpress\/wp-content\/uploads\/2015\/04\/Flagge_Italien.jpg\"><img loading=\"lazy\" decoding=\"async\" class=\"alignnone size-full wp-image-143\" src=\"http:\/\/lkgstillen.ch\/wordpress\/wp-content\/uploads\/2015\/04\/Flagge_Italien.jpg\" alt=\"Flagge_Italien\" width=\"94\" height=\"62\" \/><\/a><\/h4>\n<p>Attualmente\u00a0<strong>AISMEL<\/strong>\u00a0\u00e8 un&#8217;associazione<br \/>\nanimata da genitori di tutta Italia.<br \/>\n<a href=\"http:\/\/www.aismel-labiopalatoschisi.it\/\" target=\"_blank\" rel=\"noopener\">http:\/\/www.aismel-labiopalatoschisi.it\/<\/a><\/p>\n<hr \/>\n<h4>Niederlande<\/h4>\n<h4><strong><a href=\"http:\/\/lkgstillen.ch\/wordpress\/wp-content\/uploads\/2015\/04\/Flagge_NL.jpg\"><img loading=\"lazy\" decoding=\"async\" class=\"alignnone size-full wp-image-144\" src=\"http:\/\/lkgstillen.ch\/wordpress\/wp-content\/uploads\/2015\/04\/Flagge_NL.jpg\" alt=\"Flagge_NL\" width=\"99\" height=\"66\" \/><\/a><\/strong><\/h4>\n<p>Stichting Schisiscentrum Rotterdam<br \/>\n<a href=\"https:\/\/schisis-cranio.nl\/schisis\/\" target=\"_blank\" rel=\"noopener\">http:\/\/www.schisis.nl<\/a><\/p>\n<hr \/>\n<h4>Gross-Britanien<\/h4>\n<h4><strong><a href=\"http:\/\/lkgstillen.ch\/wordpress\/wp-content\/uploads\/2015\/04\/Flagge_GB.jpg\"><img loading=\"lazy\" decoding=\"async\" class=\"alignnone size-full wp-image-142\" src=\"http:\/\/lkgstillen.ch\/wordpress\/wp-content\/uploads\/2015\/04\/Flagge_GB.jpg\" alt=\"Flagge_GB\" width=\"99\" height=\"70\" \/><\/a><\/strong><\/h4>\n<p>Cleft Lip and Palate Association<br \/>\n<a href=\"http:\/\/www.clapa.com\" target=\"_blank\" rel=\"noopener\">http:\/\/www.clapa.com<\/a><\/p>\n<hr \/>\n<h4>Norwegen<\/h4>\n<h4><a href=\"http:\/\/lkgstillen.ch\/wordpress\/wp-content\/uploads\/2015\/04\/Flagge_Norwegen.jpg\"><img loading=\"lazy\" decoding=\"async\" class=\"alignnone size-full wp-image-145\" src=\"http:\/\/lkgstillen.ch\/wordpress\/wp-content\/uploads\/2015\/04\/Flagge_Norwegen.jpg\" alt=\"Flagge_Norwegen\" width=\"99\" height=\"68\" \/><\/a><\/h4>\n<p>Leppe-Ganespalte Foreningen<br \/>\n<a href=\"http:\/\/www.lgs.no\" target=\"_blank\" rel=\"noopener\">http:\/\/www.lgs.no<\/a><\/p>\n<hr \/>\n<h4>D\u00e4nemark<\/h4>\n<h4><a href=\"http:\/\/lkgstillen.ch\/wordpress\/wp-content\/uploads\/2015\/04\/Flagge_DK.jpg\"><img loading=\"lazy\" decoding=\"async\" class=\"alignnone size-full wp-image-141\" src=\"http:\/\/lkgstillen.ch\/wordpress\/wp-content\/uploads\/2015\/04\/Flagge_DK.jpg\" alt=\"Flagge_DK\" width=\"99\" height=\"64\" \/><\/a><\/h4>\n<p>Landsforeningen L\u00e6be-Ganespalte<br \/>\n<a href=\"http:\/\/www.llg.dk\" target=\"_blank\" rel=\"noopener\">http:\/\/www.llg.dk<\/a><\/p>\n<hr \/>\n<h4>Schweden<\/h4>\n<h4><a href=\"http:\/\/lkgstillen.ch\/wordpress\/wp-content\/uploads\/2015\/04\/Flagge_Schweden.jpg\"><img loading=\"lazy\" decoding=\"async\" class=\"alignnone size-full wp-image-146\" src=\"http:\/\/lkgstillen.ch\/wordpress\/wp-content\/uploads\/2015\/04\/Flagge_Schweden.jpg\" alt=\"Flagge_Schweden\" width=\"108\" height=\"67\" \/><\/a><\/h4>\n<p>LKG-f\u00f6reningen<br \/>\n<a href=\"http:\/\/www.lkg-vast.se\" target=\"_blank\" rel=\"noopener\">http:\/\/www.lkg-vast.se<\/a><\/p>\n<hr \/>\n<h4>USA<\/h4>\n<h4><a href=\"http:\/\/lkgstillen.ch\/wordpress\/wp-content\/uploads\/2015\/04\/Flagge_USA.jpg\"><img loading=\"lazy\" decoding=\"async\" class=\"alignnone size-full wp-image-150\" src=\"http:\/\/lkgstillen.ch\/wordpress\/wp-content\/uploads\/2015\/04\/Flagge_USA.jpg\" alt=\"Flagge_USA\" width=\"108\" height=\"72\" \/><\/a><\/h4>\n<div><span lang=\"EN-US\">American Cleft Palate \u2013 Craniofacial Association<br \/>\n<\/span><a href=\"https:\/\/acpa-cpf.org\" target=\"_blank\" rel=\"noopener\">https:\/\/acpa-cpf.org<\/a><\/div>\n<hr \/>\n<h4>Australien<\/h4>\n<h4><a href=\"http:\/\/lkgstillen.ch\/wordpress\/wp-content\/uploads\/2015\/04\/Flagge_Ausstralien.jpg\"><img loading=\"lazy\" decoding=\"async\" class=\"alignnone size-full wp-image-151\" src=\"http:\/\/lkgstillen.ch\/wordpress\/wp-content\/uploads\/2015\/04\/Flagge_Ausstralien.jpg\" alt=\"Flagge_Ausstralien\" width=\"108\" height=\"65\" \/><\/a><\/h4>\n<p>CLEFTPALS &#8211; The Cleft Lip and Plate Society<br \/>\n<a href=\"http:\/\/www.cleftpalswa.org.au\" target=\"_blank\" rel=\"noopener\">http:\/\/www.cleftpalswa.org.au<\/a><\/p>\n<p>&nbsp;<\/p>\n","protected":false},"excerpt":{"rendered":"<p>Selbsthilfevereinigungen verschiedener L\u00e4nder Schweiz Vereinigung der Eltern von Spaltkindern VES http:\/\/www.lkg-spalte.ch Verein LKGS Schweiz \u2013 gemeinsam stark Eine Patientenorganisation f\u00fcr Betroffene, deren Angeh\u00f6rige und behandelndes Fachpersonal als Anlaufstelle, zur Information, zur Vernetzung, zur Sensibilisierung der \u00d6ffentlichkeit sowie zur Vertretung der &hellip; <a href=\"https:\/\/lkgstillen.ch\/wordpress\/selbsthilfe\/\">Weiterlesen <span class=\"meta-nav\">&rarr;<\/span><\/a><\/p>\n","protected":false},"author":1,"featured_media":979,"parent":0,"menu_order":0,"comment_status":"closed","ping_status":"closed","template":"","meta":{"footnotes":""},"class_list":["post-58","page","type-page","status-publish","has-post-thumbnail","hentry"],"aioseo_notices":[],"_links":{"self":[{"href":"https:\/\/lkgstillen.ch\/wordpress\/wp-json\/wp\/v2\/pages\/58","targetHints":{"allow":["GET"]}}],"collection":[{"href":"https:\/\/lkgstillen.ch\/wordpress\/wp-json\/wp\/v2\/pages"}],"about":[{"href":"https:\/\/lkgstillen.ch\/wordpress\/wp-json\/wp\/v2\/types\/page"}],"author":[{"embeddable":true,"href":"https:\/\/lkgstillen.ch\/wordpress\/wp-json\/wp\/v2\/users\/1"}],"replies":[{"embeddable":true,"href":"https:\/\/lkgstillen.ch\/wordpress\/wp-json\/wp\/v2\/comments?post=58"}],"version-history":[{"count":36,"href":"https:\/\/lkgstillen.ch\/wordpress\/wp-json\/wp\/v2\/pages\/58\/revisions"}],"predecessor-version":[{"id":1531,"href":"https:\/\/lkgstillen.ch\/wordpress\/wp-json\/wp\/v2\/pages\/58\/revisions\/1531"}],"wp:featuredmedia":[{"embeddable":true,"href":"https:\/\/lkgstillen.ch\/wordpress\/wp-json\/wp\/v2\/media\/979"}],"wp:attachment":[{"href":"https:\/\/lkgstillen.ch\/wordpress\/wp-json\/wp\/v2\/media?parent=58"}],"curies":[{"name":"wp","href":"https:\/\/api.w.org\/{rel}","templated":true}]}}