{"id":54,"date":"2015-03-26T08:58:10","date_gmt":"2015-03-26T08:58:10","guid":{"rendered":"http:\/\/wp12210664.server-he.ch\/wordpress\/?page_id=54"},"modified":"2025-11-28T13:02:28","modified_gmt":"2025-11-28T13:02:28","slug":"spaltzentren","status":"publish","type":"page","link":"https:\/\/lkgstillen.ch\/wordpress\/spaltzentren\/","title":{"rendered":"Spaltzentren"},"content":{"rendered":"<p>Sie finden hier Adressen von Interdisziplin\u00e4ren Zentren f\u00fcr Lippen-Kiefer-Gaumenspalten, deren Chirurgen \u00e4hnliche Operationsmethoden benutzen. Dabei wird zuerst der Gaumen komplett verschlossen und danach &#8211; oder bei engen Spalten auch gleichzeitig &#8211; die Lippe.<\/p>\n<p>Adressen von Spaltzentren, die andere Operationsmethoden benutzen sind in Deutschland bei der Rosenthal Gesellschaft erh\u00e4ltlich.<\/p>\n<hr \/>\n<h2><span style=\"color: #335ba6;\"><strong><span style=\"color: #335ba6;\">Schweiz<\/span>\u00a0<a href=\"http:\/\/lkgstillen.ch\/wordpress\/wp-content\/uploads\/2015\/04\/Flagge_Schweiz.jpg\"><img loading=\"lazy\" decoding=\"async\" class=\" size-full wp-image-147 alignright\" src=\"http:\/\/lkgstillen.ch\/wordpress\/wp-content\/uploads\/2015\/04\/Flagge_Schweiz.jpg\" alt=\"Flagge_Schweiz\" width=\"81\" height=\"81\" \/><\/a><\/strong><\/span><\/h2>\n<p style=\"font-weight: 400;\"><strong><a href=\"https:\/\/lkgstillen.ch\/wordpress\/wp-content\/uploads\/2024\/08\/uhbs_logo_65_cmyk.jpg\"><img loading=\"lazy\" decoding=\"async\" class=\"alignnone size-full wp-image-1359\" src=\"https:\/\/lkgstillen.ch\/wordpress\/wp-content\/uploads\/2024\/08\/uhbs_logo_65_cmyk.jpg\" alt=\"\" width=\"300\" height=\"54\" \/><\/a><br \/>\nUniversit\u00e4res Zentrum f\u00fcr<br \/>\nLippen-Kiefer-Gaumenspalten und Gesichtsfehlbildungen, Basel<\/strong><\/p>\n<p>&nbsp;<\/p>\n<p><a href=\"https:\/\/lkgstillen.ch\/wordpress\/wp-content\/uploads\/2024\/08\/Andreas-Albert-Mueller.jpeg\"><img loading=\"lazy\" decoding=\"async\" class=\"alignnone size-full wp-image-1322\" src=\"https:\/\/lkgstillen.ch\/wordpress\/wp-content\/uploads\/2024\/08\/Andreas-Albert-Mueller.jpeg\" alt=\"\" width=\"150\" height=\"200\" \/><\/a><br \/>\nProf. Dr. med. Dr. med. dent. Andreas A. M\u00fcller, PhD, MHBA<\/p>\n<p>Leitender Arzt<br \/>\nP\u00e4diatrische Mund-, Kiefer- und Gesichtschirurgie<br \/>\nLeitung Universit\u00e4res Zentrum f\u00fcr Lippen-Kiefer-Gaumenspalten und Gesichtsfehlbildungen<\/p>\n<p>Universit\u00e4tskinderspital beider Basel<br \/>\nSpitalstrasse 33<br \/>\nCH-4031 Basel<\/p>\n<p>Tel. Sekretariat +41 (0)61 704 24 73<br \/>\n<a href=\"mailto:huemeyra.yagci@ukbb.ch\">huemeyra.yagci@ukbb.ch <\/a><\/p>\n<p>E-Mail: <a href=\"mailto:andreas.mueller@ukbb.ch\">andreas.mueller@ukbb.ch<\/a><\/p>\n<p>Webseiten:<br \/>\nUKBB Basel: <a href=\"https:\/\/www.ukbb.ch\/de\/ukbb\/fachgebiete-dienstleistungen\/mund-kiefer-und-gesichtschirurgie.php#anchor_d04af6ba_Accordion-Schaedeldeformitaeten\" target=\"_blank\" rel=\"noopener\">https:\/\/www.ukbb.ch\/de\/ukbb\/fachgebiete-dienstleistungen\/mund-kiefer-und-gesichtschirurgie.php#anchor_d04af6ba_Accordion-Schaedeldeformitaeten<\/a><\/p>\n<div>\n<div id=\"divtagdefaultwrapper\" dir=\"ltr\">\n<div id=\"divtagdefaultwrapper\" dir=\"ltr\">\n<div>\n<p>USB Basel: <a title=\"https:\/\/www.unispital-basel.ch\/lippen-kiefer-gaumenspalten\/angebot\" contenteditable=\"false\" href=\"https:\/\/www.unispital-basel.ch\/lippen-kiefer-gaumenspalten\/angebot\" target=\"_blank\" rel=\"noopener\">https:\/\/www.unispital-basel.ch\/lippen-kiefer-gaumenspalten\/angebot<\/a><\/p>\n<div>\n<div id=\"divtagdefaultwrapper\" dir=\"ltr\">\n<div id=\"divtagdefaultwrapper\" dir=\"ltr\">\n<p>Forschung:\u00a0<a class=\"OWAAutoLink\" title=\"https:\/\/mueller.medizin.unibas.ch\/en\/\" contenteditable=\"false\" href=\"https:\/\/mueller.medizin.unibas.ch\/en\/\" target=\"_blank\" rel=\"noopener\">https:\/\/mueller.medizin.unibas.ch\/en\/<\/a><\/p>\n<p><strong>Neuste Erkenntnisse aus der Forschung bez\u00fcglich LKGS: von Prof. Dr. Dr. Andreas M\u00fcller<\/strong><\/p>\n<p style=\"font-weight: 400;\"><a href=\"https:\/\/www.youtube.com\/watch?v=7tV7AuRQx-A\" target=\"_blank\" rel=\"noopener\">https:\/\/www.youtube.com\/watch?v=7tV7AuRQx-A<\/a><\/p>\n<hr \/>\n<p style=\"font-weight: 400;\"><strong><a href=\"https:\/\/lkgstillen.ch\/wordpress\/wp-content\/uploads\/2024\/08\/luks-logo.jpg\"><img loading=\"lazy\" decoding=\"async\" class=\"alignnone size-full wp-image-1360\" src=\"https:\/\/lkgstillen.ch\/wordpress\/wp-content\/uploads\/2024\/08\/luks-logo.jpg\" alt=\"\" width=\"300\" height=\"60\" \/><\/a><br \/>\nKlinik f\u00fcr Mund-, Kiefer- und Gesichts- und Oralchirurgie<br \/>\n<\/strong><strong>Luzerner Kantonsspital Luzern<\/strong><\/p>\n<p style=\"font-weight: 400;\"><a href=\"https:\/\/lkgstillen.ch\/wordpress\/wp-content\/uploads\/2024\/08\/Prof_Gander.png\"><img loading=\"lazy\" decoding=\"async\" class=\"alignnone size-full wp-image-1320\" src=\"https:\/\/lkgstillen.ch\/wordpress\/wp-content\/uploads\/2024\/08\/Prof_Gander.png\" alt=\"\" width=\"150\" height=\"200\" \/><\/a><br \/>\nProf. Dr. Dr. Thomas Gander<br \/>\nChefarzt<\/p>\n<p style=\"font-weight: 400;\">Klinik\u00a0f\u00fcr\u00a0<a href=\"https:\/\/www.luks.ch\/de\/standorte\/luzern\/kliniken\/kieferchirurgie\/fontSize\/size1.html\">Mund-, Kiefer- und Gesichts- und Oralchirurgie<\/a><br \/>\nLuzerner Kantonsspital Luzern<br \/>\nCH-6000 Luzern 16 \/ Schweiz<br \/>\nTel. +41 41 205 45 68<br \/>\nE-Mail:\u00a0<a href=\"mailto:mkg@luks.ch\">mkg@luks.ch<\/a><\/p>\n<p style=\"font-weight: 400;\"><a href=\"https:\/\/www.luks.ch\/standorte\/standort-luzern\/klinik-fuer-mund-kiefer-gesichts-und-oralchirurgie\/leistungsangebot\/lippen-kiefer-gaumenspalten-luzerner-spaltzentrum\">www.luks.ch<\/a><\/p>\n<hr \/>\n<p style=\"font-weight: 400;\"><a href=\"https:\/\/lkgstillen.ch\/wordpress\/wp-content\/uploads\/2024\/08\/Dr_Chiesa.png\"><img loading=\"lazy\" decoding=\"async\" class=\"alignnone size-full wp-image-1321\" src=\"https:\/\/lkgstillen.ch\/wordpress\/wp-content\/uploads\/2024\/08\/Dr_Chiesa.png\" alt=\"\" width=\"150\" height=\"200\" \/><\/a><br \/>\nDr. Dr. Andrea Della Chiesa<br \/>\nOberarzt mbF<\/p>\n<p style=\"font-weight: 400;\">Klinik\u00a0f\u00fcr\u00a0<a href=\"https:\/\/www.luks.ch\/de\/standorte\/luzern\/kliniken\/kieferchirurgie\/fontSize\/size1.html\">Mund-, Kiefer- und Gesichts- und Oralchirurgie<\/a><br \/>\nLuzerner Kantonsspital Luzern<br \/>\nCH-6000 Luzern 16 \/ Schweiz<br \/>\nTel. +41 41 205 45 68<br \/>\nE-Mail:\u00a0<a href=\"mailto:mkg@luks.ch%0b\">mkg@luks.ch<br \/>\n<\/a><a href=\"https:\/\/www.luks.ch\/standorte\/standort-luzern\/klinik-fuer-mund-kiefer-gesichts-und-oralchirurgie\/leistungsangebot\/lippen-kiefer-gaumenspalten-luzerner-spaltzentrum\">www.luks.ch<\/a><\/p>\n<hr \/>\n<h2><span style=\"color: #335ba6;\"><strong>Deutschland\u00a0<a href=\"http:\/\/lkgstillen.ch\/wordpress\/wp-content\/uploads\/2015\/04\/Flagge_D.jpg\"><img loading=\"lazy\" decoding=\"async\" class=\" size-full wp-image-140 alignright\" src=\"http:\/\/lkgstillen.ch\/wordpress\/wp-content\/uploads\/2015\/04\/Flagge_D.jpg\" alt=\"Flagge_D\" width=\"94\" height=\"56\" \/><\/a><\/strong><\/span><\/h2>\n<p style=\"font-weight: 400;\"><strong>Kompetenzzentrums f\u00fcr LKGN-Fehlbildungen, Siegen<\/strong><\/p>\n<p style=\"font-weight: 400;\"><a href=\"https:\/\/lkgstillen.ch\/wordpress\/wp-content\/uploads\/2024\/08\/Koch.jpg\"><img loading=\"lazy\" decoding=\"async\" class=\"alignnone size-full wp-image-1357\" src=\"https:\/\/lkgstillen.ch\/wordpress\/wp-content\/uploads\/2024\/08\/Koch.jpg\" alt=\"\" width=\"150\" height=\"200\" \/><\/a><br \/>\nDr. Hubertus Koch<\/p>\n<p style=\"font-weight: 400;\">Leiter des Kompetenzzentrums f\u00fcr LKGN-Fehlbildungen<br \/>\nDRK-Kinderklinik Siegen<br \/>\nWellersbergstr. 60<br \/>\n57072 Siegen<\/p>\n<p>Tel. +49-271-2345-430<br \/>\nE-Mail: <a href=\"mailto:lkgn.sekretariat@drk-kinderklinik.de\">lkgn.sekretariat@drk-kinderklinik.de<\/a><\/p>\n<p><strong>Gaumenspalte: Nur ein Loch?!? &#8211; Ulrike Giebel im Gespr\u00e4ch mit Dr. Hubertus Koch<\/strong><\/p>\n<p style=\"font-weight: 400;\"><a href=\"https:\/\/www.youtube.com\/watch?v=p6FwwQ0yH3k\" target=\"_blank\" rel=\"noopener\">https:\/\/www.youtube.com\/watch?v=p6FwwQ0yH3k<\/a><\/p>\n<hr \/>\n<h4><strong>Interdisziplin\u00e4res Zentrum f\u00fcr Gesichtsfehlbildungen,\u00a0<\/strong><strong>Universit\u00e4tsklinikum Frankfurt<\/strong><\/h4>\n<p><a href=\"http:\/\/lkgstillen.ch\/wordpress\/wp-content\/uploads\/2015\/06\/SaderRobert_klein.jpg\"><img loading=\"lazy\" decoding=\"async\" class=\"alignnone size-full wp-image-770\" src=\"http:\/\/lkgstillen.ch\/wordpress\/wp-content\/uploads\/2015\/06\/SaderRobert_klein.jpg\" alt=\"SaderRobert_klein\" width=\"150\" height=\"210\" \/><\/a><a href=\"http:\/\/lkgstillen.ch\/wordpress\/wp-content\/uploads\/2015\/04\/Sader.jpg\"><br \/>\n<\/a>Univ.-Prof. Dr. med. Dr. med. dent. Dr. med. habil. Robert Sader<\/p>\n<p>Klinik f\u00fcr Mund-, Kiefer- und Plastische Gesichtschirurgie<br \/>\nTheodor-Stern-Kai 7<br \/>\nD-60596 Frankfurt\/Main<br \/>\nTel. +49-69-6301-3744<br \/>\nFax: +49-69-6301-3785<br \/>\nE-Mail:\u00a0<a href=\"mailto:r.sader@em.uni-frankfurt.de\"><span style=\"text-decoration: underline;\">r.sader@em.uni-frankfurt.de<\/span><\/a><\/p>\n<hr \/>\n<p>&nbsp;<\/p>\n<p>&nbsp;<\/p>\n<p>&nbsp;<\/p>\n<\/div>\n<\/div>\n<\/div>\n<\/div>\n<\/div>\n<\/div>\n<\/div>\n","protected":false},"excerpt":{"rendered":"<p>Sie finden hier Adressen von Interdisziplin\u00e4ren Zentren f\u00fcr Lippen-Kiefer-Gaumenspalten, deren Chirurgen \u00e4hnliche Operationsmethoden benutzen. Dabei wird zuerst der Gaumen komplett verschlossen und danach &#8211; oder bei engen Spalten auch gleichzeitig &#8211; die Lippe. Adressen von Spaltzentren, die andere Operationsmethoden benutzen &hellip; <a href=\"https:\/\/lkgstillen.ch\/wordpress\/spaltzentren\/\">Weiterlesen <span class=\"meta-nav\">&rarr;<\/span><\/a><\/p>\n","protected":false},"author":1,"featured_media":113,"parent":0,"menu_order":0,"comment_status":"closed","ping_status":"closed","template":"","meta":{"footnotes":""},"class_list":["post-54","page","type-page","status-publish","has-post-thumbnail","hentry"],"aioseo_notices":[],"_links":{"self":[{"href":"https:\/\/lkgstillen.ch\/wordpress\/wp-json\/wp\/v2\/pages\/54","targetHints":{"allow":["GET"]}}],"collection":[{"href":"https:\/\/lkgstillen.ch\/wordpress\/wp-json\/wp\/v2\/pages"}],"about":[{"href":"https:\/\/lkgstillen.ch\/wordpress\/wp-json\/wp\/v2\/types\/page"}],"author":[{"embeddable":true,"href":"https:\/\/lkgstillen.ch\/wordpress\/wp-json\/wp\/v2\/users\/1"}],"replies":[{"embeddable":true,"href":"https:\/\/lkgstillen.ch\/wordpress\/wp-json\/wp\/v2\/comments?post=54"}],"version-history":[{"count":100,"href":"https:\/\/lkgstillen.ch\/wordpress\/wp-json\/wp\/v2\/pages\/54\/revisions"}],"predecessor-version":[{"id":775,"href":"https:\/\/lkgstillen.ch\/wordpress\/wp-json\/wp\/v2\/pages\/54\/revisions\/775"}],"wp:featuredmedia":[{"embeddable":true,"href":"https:\/\/lkgstillen.ch\/wordpress\/wp-json\/wp\/v2\/media\/113"}],"wp:attachment":[{"href":"https:\/\/lkgstillen.ch\/wordpress\/wp-json\/wp\/v2\/media?parent=54"}],"curies":[{"name":"wp","href":"https:\/\/api.w.org\/{rel}","templated":true}]}}