{"id":460,"date":"2015-05-11T09:55:56","date_gmt":"2015-05-11T09:55:56","guid":{"rendered":"http:\/\/wp12210664.server-he.ch\/wordpress\/?page_id=460"},"modified":"2024-09-10T13:01:50","modified_gmt":"2024-09-10T13:01:50","slug":"isolierte-gs","status":"publish","type":"page","link":"https:\/\/lkgstillen.ch\/wordpress\/isolierte-gs\/","title":{"rendered":"Isolierte Gaumenspalte"},"content":{"rendered":"<p><strong>Sandro \u2013 Handgriffe beim Trinken und Abpumpen, das Natu\u0308rlichste der Welt!<\/strong><\/p>\n<p>Sandros Geschichte mit der Sonde an der Brust und Milchgewinnung.<\/p>\n<p>im <a href=\"https:\/\/lkgstillen.ch\/wordpress\/wp-content\/uploads\/2024\/08\/Erfahrungsbericht_Sandro_Spalte-im-weichen-Gaumen.pdf\" target=\"_blank\" rel=\"noopener\">PDF weiterlesen<\/a><\/p>\n<hr \/>\n<h4><strong>Sarah &#8211; ja es geht<\/strong><\/h4>\n<p>Mit diesen Bildern gibt uns die Mutter von Sarah einen Einblick in ihren Arbeitsalltag. Auch Abpumpen kann mit der T\u00e4tigkeit am Computer vereint werden!<\/p>\n<p>Mit dem Brustern\u00e4hrungsset (BES) mit Zusatzloch legt sie Sarah an die Brust. Unverzichtbar ist im Moment noch das Saugh\u00fctchen in das die Schl\u00e4uche vom BES gef\u00fchrt werden. <span style=\"color: #ff0000;\">Achtung! Dieses abgebildete Brustern\u00e4hrungsset ist nicht mehr erh\u00e4ltlich. Mit professioneller Anleitung k\u00f6nnte die Sonde mit Spritze an der Brust funktionieren.<\/span><\/p>\n<p>Sarah trank in den ersten Wochen nach der Geburt mit dem SpecialNeeds\u00ae Sauger die abgepumpte Muttermilch. Zum Einschlafen kuschelte sie sich an die Brust.<\/p>\n<p>Erst als die Mutter erfuhr wie Stillen mit einem Hilfsmittel funktioniert, lernte Sarah auch von der Brust effizienter zu trinken. Inzwischen kommt sie mit beiden Trinkvarianten gut zurecht.<\/p>\n<div id=\"metaslider-id-1191\" style=\"width: 100%; margin: 0 auto;\" class=\"ml-slider-3-102-0 metaslider metaslider-flex metaslider-1191 ml-slider has-dots-nav ms-theme-default\" role=\"region\" aria-label=\"Gaumenspalte\" data-height=\"300\" data-width=\"700\">\n    <div id=\"metaslider_container_1191\">\n        <div id=\"metaslider_1191\">\n            <ul class='slides'>\n                <li style=\"display: block; width: 100%;\" class=\"slide-1192 ms-image \" aria-roledescription=\"slide\" data-date=\"2022-12-15 12:16:31\" data-slide-type=\"image\"><img loading=\"lazy\" decoding=\"async\" width=\"450\" height=\"300\" src=\"https:\/\/lkgstillen.ch\/wordpress\/wp-content\/uploads\/2015\/05\/1_Abpumpen_Vorbereitung_Sarah1-.jpg\" class=\"slider-1191 slide-1192 msDefaultImage\" alt=\"\" rel=\"\" title=\"1_Abpumpen_Vorbereitung_Sarah1\" style=\"margin: 0 auto; width: 64.285714285714%\" srcset=\"https:\/\/lkgstillen.ch\/wordpress\/wp-content\/uploads\/2015\/05\/1_Abpumpen_Vorbereitung_Sarah1-.jpg 450w, https:\/\/lkgstillen.ch\/wordpress\/wp-content\/uploads\/2015\/05\/1_Abpumpen_Vorbereitung_Sarah1--300x200.jpg 300w\" sizes=\"auto, (max-width: 450px) 100vw, 450px\" \/><div class=\"caption-wrap\"><div class=\"caption\"><div>Vorbereitung zum Abpumpen f\u00fcr Sarah<\/div><\/div><\/div><\/li>\n                <li style=\"display: none; width: 100%;\" class=\"slide-1193 ms-image \" aria-roledescription=\"slide\" data-date=\"2022-12-15 12:16:31\" data-slide-type=\"image\"><img loading=\"lazy\" decoding=\"async\" width=\"300\" height=\"300\" src=\"https:\/\/lkgstillen.ch\/wordpress\/wp-content\/uploads\/2015\/05\/2_Bustier_H\u00e4nde_frei.jpg\" class=\"slider-1191 slide-1193 msDefaultImage\" alt=\"\" rel=\"\" title=\"2_Bustier_H\u00e4nde_frei\" style=\"margin: 0 auto; width: 42.857142857143%\" srcset=\"https:\/\/lkgstillen.ch\/wordpress\/wp-content\/uploads\/2015\/05\/2_Bustier_H\u00e4nde_frei.jpg 300w, https:\/\/lkgstillen.ch\/wordpress\/wp-content\/uploads\/2015\/05\/2_Bustier_H\u00e4nde_frei-150x150.jpg 150w\" sizes=\"auto, (max-width: 300px) 100vw, 300px\" \/><div class=\"caption-wrap\"><div class=\"caption\"><div>Bustier - damit sind die H\u00e4nde frei!<\/div><\/div><\/div><\/li>\n                <li style=\"display: none; width: 100%;\" class=\"slide-1194 ms-image \" aria-roledescription=\"slide\" data-date=\"2022-12-15 12:16:31\" data-slide-type=\"image\"><img loading=\"lazy\" decoding=\"async\" width=\"450\" height=\"300\" src=\"https:\/\/lkgstillen.ch\/wordpress\/wp-content\/uploads\/2015\/05\/3_Abpumpen_am_Arbeitsplatz-.jpg\" class=\"slider-1191 slide-1194 msDefaultImage\" alt=\"\" rel=\"\" title=\"3_Abpumpen_am_Arbeitsplatz\" style=\"margin: 0 auto; width: 64.285714285714%\" srcset=\"https:\/\/lkgstillen.ch\/wordpress\/wp-content\/uploads\/2015\/05\/3_Abpumpen_am_Arbeitsplatz-.jpg 450w, https:\/\/lkgstillen.ch\/wordpress\/wp-content\/uploads\/2015\/05\/3_Abpumpen_am_Arbeitsplatz--300x200.jpg 300w\" sizes=\"auto, (max-width: 450px) 100vw, 450px\" \/><div class=\"caption-wrap\"><div class=\"caption\"><div>Abpumpen auch am Arbeitsplatz m\u00f6glich<\/div><\/div><\/div><\/li>\n                <li style=\"display: none; width: 100%;\" class=\"slide-1195 ms-image \" aria-roledescription=\"slide\" data-date=\"2022-12-15 12:16:31\" data-slide-type=\"image\"><img loading=\"lazy\" decoding=\"async\" width=\"400\" height=\"300\" src=\"https:\/\/lkgstillen.ch\/wordpress\/wp-content\/uploads\/2015\/05\/4_Einrichten-des-BES-.jpg\" class=\"slider-1191 slide-1195 msDefaultImage\" alt=\"\" rel=\"\" title=\"4_Einrichten des Brustern\u00e4hrungsset\" style=\"margin: 0 auto; width: 57.142857142857%\" srcset=\"https:\/\/lkgstillen.ch\/wordpress\/wp-content\/uploads\/2015\/05\/4_Einrichten-des-BES-.jpg 400w, https:\/\/lkgstillen.ch\/wordpress\/wp-content\/uploads\/2015\/05\/4_Einrichten-des-BES--300x225.jpg 300w\" sizes=\"auto, (max-width: 400px) 100vw, 400px\" \/><div class=\"caption-wrap\"><div class=\"caption\"><div>Einrichten des Brustern\u00e4hrungssets<\/div><\/div><\/div><\/li>\n                <li style=\"display: none; width: 100%;\" class=\"slide-1196 ms-image \" aria-roledescription=\"slide\" data-date=\"2022-12-15 12:16:31\" data-slide-type=\"image\"><img loading=\"lazy\" decoding=\"async\" width=\"400\" height=\"300\" src=\"https:\/\/lkgstillen.ch\/wordpress\/wp-content\/uploads\/2015\/05\/6_Schl\u00e4uche-offen-Milch-fliesst-Greifreflex-DSC01321.jpg\" class=\"slider-1191 slide-1196 msDefaultImage\" alt=\"\" rel=\"\" title=\"6_Dickste Schl\u00e4uche offen, Milch fliesst, Greifreflex DSC01321\" style=\"margin: 0 auto; width: 57.142857142857%\" srcset=\"https:\/\/lkgstillen.ch\/wordpress\/wp-content\/uploads\/2015\/05\/6_Schl\u00e4uche-offen-Milch-fliesst-Greifreflex-DSC01321.jpg 400w, https:\/\/lkgstillen.ch\/wordpress\/wp-content\/uploads\/2015\/05\/6_Schl\u00e4uche-offen-Milch-fliesst-Greifreflex-DSC01321-300x225.jpg 300w\" sizes=\"auto, (max-width: 400px) 100vw, 400px\" \/><div class=\"caption-wrap\"><div class=\"caption\"><div>Milch flie\u00dft - Greifreflex sichtbar!<\/div><\/div><\/div><\/li>\n                <li style=\"display: none; width: 100%;\" class=\"slide-1197 ms-image \" aria-roledescription=\"slide\" data-date=\"2022-12-15 12:16:31\" data-slide-type=\"image\"><img loading=\"lazy\" decoding=\"async\" width=\"403\" height=\"300\" src=\"https:\/\/lkgstillen.ch\/wordpress\/wp-content\/uploads\/2015\/05\/7_Ansaugen-DSC01319.jpg\" class=\"slider-1191 slide-1197 msDefaultImage\" alt=\"\" rel=\"\" title=\"7_Blickkontakt DSC01319\" style=\"margin: 0 auto; width: 57.571428571429%\" srcset=\"https:\/\/lkgstillen.ch\/wordpress\/wp-content\/uploads\/2015\/05\/7_Ansaugen-DSC01319.jpg 403w, https:\/\/lkgstillen.ch\/wordpress\/wp-content\/uploads\/2015\/05\/7_Ansaugen-DSC01319-300x223.jpg 300w\" sizes=\"auto, (max-width: 403px) 100vw, 403px\" \/><div class=\"caption-wrap\"><div class=\"caption\"><div>Blickkontakt<\/div><\/div><\/div><\/li>\n                <li style=\"display: none; width: 100%;\" class=\"slide-1198 ms-image \" aria-roledescription=\"slide\" data-date=\"2022-12-15 12:16:31\" data-slide-type=\"image\"><img loading=\"lazy\" decoding=\"async\" width=\"400\" height=\"300\" src=\"https:\/\/lkgstillen.ch\/wordpress\/wp-content\/uploads\/2015\/05\/8_Trinken-.jpg\" class=\"slider-1191 slide-1198 msDefaultImage\" alt=\"\" rel=\"\" title=\"8_Trinken\" style=\"margin: 0 auto; width: 57.142857142857%\" srcset=\"https:\/\/lkgstillen.ch\/wordpress\/wp-content\/uploads\/2015\/05\/8_Trinken-.jpg 400w, https:\/\/lkgstillen.ch\/wordpress\/wp-content\/uploads\/2015\/05\/8_Trinken--300x225.jpg 300w\" sizes=\"auto, (max-width: 400px) 100vw, 400px\" \/><div class=\"caption-wrap\"><div class=\"caption\"><div>Trinken<\/div><\/div><\/div><\/li>\n                <li style=\"display: none; width: 100%;\" class=\"slide-1238 ms-image \" aria-roledescription=\"slide\" data-date=\"2022-12-19 12:31:08\" data-slide-type=\"image\"><img loading=\"lazy\" decoding=\"async\" width=\"800\" height=\"600\" src=\"https:\/\/lkgstillen.ch\/wordpress\/wp-content\/uploads\/2020\/02\/3_Spaltformern_Herzog_Prinzip_klein.jpg\" class=\"slider-1191 slide-1238 msDefaultImage\" alt=\"\" rel=\"\" title=\"9_Stillen und pumpen gleichzeitig\" style=\"margin: 0 auto; width: 57.142857142857%\" srcset=\"https:\/\/lkgstillen.ch\/wordpress\/wp-content\/uploads\/2020\/02\/3_Spaltformern_Herzog_Prinzip_klein.jpg 800w, https:\/\/lkgstillen.ch\/wordpress\/wp-content\/uploads\/2020\/02\/3_Spaltformern_Herzog_Prinzip_klein-300x225.jpg 300w, https:\/\/lkgstillen.ch\/wordpress\/wp-content\/uploads\/2020\/02\/3_Spaltformern_Herzog_Prinzip_klein-768x576.jpg 768w\" sizes=\"auto, (max-width: 800px) 100vw, 800px\" \/><div class=\"caption-wrap\"><div class=\"caption\"><div>Stillen und pumpen gleichzeitig<\/div><\/div><\/div><\/li>\n                <li style=\"display: none; width: 100%;\" class=\"slide-1199 ms-image \" aria-roledescription=\"slide\" data-date=\"2022-12-15 12:16:31\" data-slide-type=\"image\"><img loading=\"lazy\" decoding=\"async\" width=\"400\" height=\"300\" src=\"https:\/\/lkgstillen.ch\/wordpress\/wp-content\/uploads\/2015\/05\/10_Satt-u-eingeschlafen-.jpg\" class=\"slider-1191 slide-1199 msDefaultImage\" alt=\"\" rel=\"\" title=\"10_Satt und eingeschlafen\" style=\"margin: 0 auto; width: 57.142857142857%\" srcset=\"https:\/\/lkgstillen.ch\/wordpress\/wp-content\/uploads\/2015\/05\/10_Satt-u-eingeschlafen-.jpg 400w, https:\/\/lkgstillen.ch\/wordpress\/wp-content\/uploads\/2015\/05\/10_Satt-u-eingeschlafen--300x225.jpg 300w\" sizes=\"auto, (max-width: 400px) 100vw, 400px\" \/><div class=\"caption-wrap\"><div class=\"caption\"><div>Satt und eingeschlafen<\/div><\/div><\/div><\/li>\n            <\/ul>\n        <\/div>\n        \n    <\/div>\n<\/div>\n<hr \/>\n<h4>Katharina kann&#8217;s<\/h4>\n<p><strong>Katharinas Geburt in der Landesfrauenklinik\u00a0Linz am 27.06.2013 war ein ganz\u00a0besonderes Ereignis.<\/strong><\/p>\n<p>Unser Baby hat sich viel Zeit gelassen in\u00a0die neue Welt zu kommen und wir haben\u00a0daher zuletzt sehr ungeduldig auf den Tag\u00a0gewartet, sie endlich die Arme nehmen zu\u00a0k\u00f6nnen.<\/p>\n<p>Katharina wurde \u00fcberraschend schnell\u00a0geboren und wir waren \u00fcbergl\u00fccklich unser\u00a0kr\u00e4ftiges, waches M\u00e4dchen endlich zu\u00a0sehen und zu halten.<br \/>\nWir entdeckten am Tag ihrer Geburt\u2026<\/p>\n<p>im <a href=\"http:\/\/lkgstillen.ch\/wordpress\/wp-content\/uploads\/2015\/05\/7_Katharina-kanns-ohne-Adresse.pdf\" target=\"_blank\" rel=\"noopener\">PDF weiterlesen<\/a><\/p>\n<p>&nbsp;<\/p>\n","protected":false},"excerpt":{"rendered":"<p>Sandro \u2013 Handgriffe beim Trinken und Abpumpen, das Natu\u0308rlichste der Welt! Sandros Geschichte mit der Sonde an der Brust und Milchgewinnung. im PDF weiterlesen Sarah &#8211; ja es geht Mit diesen Bildern gibt uns die Mutter von Sarah einen Einblick &hellip; <a href=\"https:\/\/lkgstillen.ch\/wordpress\/isolierte-gs\/\">Weiterlesen <span class=\"meta-nav\">&rarr;<\/span><\/a><\/p>\n","protected":false},"author":1,"featured_media":96,"parent":0,"menu_order":0,"comment_status":"closed","ping_status":"closed","template":"","meta":{"footnotes":""},"class_list":["post-460","page","type-page","status-publish","has-post-thumbnail","hentry"],"aioseo_notices":[],"_links":{"self":[{"href":"https:\/\/lkgstillen.ch\/wordpress\/wp-json\/wp\/v2\/pages\/460","targetHints":{"allow":["GET"]}}],"collection":[{"href":"https:\/\/lkgstillen.ch\/wordpress\/wp-json\/wp\/v2\/pages"}],"about":[{"href":"https:\/\/lkgstillen.ch\/wordpress\/wp-json\/wp\/v2\/types\/page"}],"author":[{"embeddable":true,"href":"https:\/\/lkgstillen.ch\/wordpress\/wp-json\/wp\/v2\/users\/1"}],"replies":[{"embeddable":true,"href":"https:\/\/lkgstillen.ch\/wordpress\/wp-json\/wp\/v2\/comments?post=460"}],"version-history":[{"count":22,"href":"https:\/\/lkgstillen.ch\/wordpress\/wp-json\/wp\/v2\/pages\/460\/revisions"}],"predecessor-version":[{"id":1431,"href":"https:\/\/lkgstillen.ch\/wordpress\/wp-json\/wp\/v2\/pages\/460\/revisions\/1431"}],"wp:featuredmedia":[{"embeddable":true,"href":"https:\/\/lkgstillen.ch\/wordpress\/wp-json\/wp\/v2\/media\/96"}],"wp:attachment":[{"href":"https:\/\/lkgstillen.ch\/wordpress\/wp-json\/wp\/v2\/media?parent=460"}],"curies":[{"name":"wp","href":"https:\/\/api.w.org\/{rel}","templated":true}]}}