{"id":42,"date":"2015-03-26T08:52:52","date_gmt":"2015-03-26T08:52:52","guid":{"rendered":"http:\/\/wp12210664.server-he.ch\/wordpress\/?page_id=42"},"modified":"2016-05-03T08:53:29","modified_gmt":"2016-05-03T08:53:29","slug":"eindruecke","status":"publish","type":"page","link":"https:\/\/lkgstillen.ch\/wordpress\/eindruecke\/","title":{"rendered":"Erfahrungen"},"content":{"rendered":"<p>Die K\u00fcnstlerin Gebi Rodenburg hat auf eindrucksvolle Weise ihren Sohn Bo einige Wochen nach dessen Geburt gemalt. Mit Augen die uns auch im Bild als Jugendlicher packen.<\/p>\n<p>Sehen Sie sich den Film an. <a href=\"https:\/\/www.youtube.com\/watch?v=457Gr8-nFm0\" target=\"_blank\">Film ansehen<\/a>\u00a0Mit welcher Leidenschaft Bo am Neujahrs- Jazzkonzert 2013 das Clavinova spielt. Dieser kurze Filmausschnitt zeigt wie positiv die Entwicklung verlaufen kann.<\/p>\n<p>Die folgenden Elternberichte m\u00f6gen Sie ermutigen, nicht aufzugeben und Ihrem vielleicht eben erst geborenen Kinde zu vertrauen. Sie schaffen es gemeinsam.<\/p>\n<p>Viel Verst\u00e4ndnis k\u00f6nnen Sie in den Elternforen erhalten. <a href=\"https:\/\/www.facebook.com\/groups\/LKGS.Na.und\/\" target=\"_blank\">Facebook LKGS &#8211; Na und?<\/a>\u00a0Sie sind nicht allein!<\/p>\n<p>Von ganzem Herzen danke ich allen Eltern f\u00fcr ihre einzigartigen Berichte und Bilder. Wir lernen viel voneinander. Jede Mutter hat f\u00fcr ihr Kind eine eigene passende Trinkmethode ausgew\u00e4hlt.<\/p>\n<p>Die Namen der Kinder und Eltern sind meistens anonymisiert.<\/p>\n","protected":false},"excerpt":{"rendered":"<p>Die K\u00fcnstlerin Gebi Rodenburg hat auf eindrucksvolle Weise ihren Sohn Bo einige Wochen nach dessen Geburt gemalt. Mit Augen die uns auch im Bild als Jugendlicher packen. Sehen Sie sich den Film an. Film ansehen\u00a0Mit welcher Leidenschaft Bo am Neujahrs- &hellip; <a href=\"https:\/\/lkgstillen.ch\/wordpress\/eindruecke\/\">Weiterlesen <span class=\"meta-nav\">&rarr;<\/span><\/a><\/p>\n","protected":false},"author":1,"featured_media":482,"parent":0,"menu_order":0,"comment_status":"closed","ping_status":"closed","template":"","meta":{"footnotes":""},"class_list":["post-42","page","type-page","status-publish","has-post-thumbnail","hentry"],"aioseo_notices":[],"_links":{"self":[{"href":"https:\/\/lkgstillen.ch\/wordpress\/wp-json\/wp\/v2\/pages\/42","targetHints":{"allow":["GET"]}}],"collection":[{"href":"https:\/\/lkgstillen.ch\/wordpress\/wp-json\/wp\/v2\/pages"}],"about":[{"href":"https:\/\/lkgstillen.ch\/wordpress\/wp-json\/wp\/v2\/types\/page"}],"author":[{"embeddable":true,"href":"https:\/\/lkgstillen.ch\/wordpress\/wp-json\/wp\/v2\/users\/1"}],"replies":[{"embeddable":true,"href":"https:\/\/lkgstillen.ch\/wordpress\/wp-json\/wp\/v2\/comments?post=42"}],"version-history":[{"count":19,"href":"https:\/\/lkgstillen.ch\/wordpress\/wp-json\/wp\/v2\/pages\/42\/revisions"}],"predecessor-version":[{"id":810,"href":"https:\/\/lkgstillen.ch\/wordpress\/wp-json\/wp\/v2\/pages\/42\/revisions\/810"}],"wp:featuredmedia":[{"embeddable":true,"href":"https:\/\/lkgstillen.ch\/wordpress\/wp-json\/wp\/v2\/media\/482"}],"wp:attachment":[{"href":"https:\/\/lkgstillen.ch\/wordpress\/wp-json\/wp\/v2\/media?parent=42"}],"curies":[{"name":"wp","href":"https:\/\/api.w.org\/{rel}","templated":true}]}}