{"id":40,"date":"2015-03-26T08:52:32","date_gmt":"2015-03-26T08:52:32","guid":{"rendered":"http:\/\/wp12210664.server-he.ch\/wordpress\/?page_id=40"},"modified":"2024-09-26T08:42:25","modified_gmt":"2024-09-26T08:42:25","slug":"projekt-indien","status":"publish","type":"page","link":"https:\/\/lkgstillen.ch\/wordpress\/projekt-indien\/","title":{"rendered":"Projekt Indien"},"content":{"rendered":"<p><strong>Inhalt des Projektes<\/strong><\/p>\n<ul>\n<li>Humanit\u00e4re Hilfe von 1995 &#8211; 2002 gemeinsam mit zwei Chirurgen, Dr. Dr. K. Honigmann \u2020 und Dr. Dr. J. Kuttenberger am S.D.M. College of Dental Sciences &amp; Hospital in Dharwad, Karnataka. Ich k\u00fcmmerte mich w\u00e4hrend dem Einsatz um die Ern\u00e4hrung der frischoperierten Kinder mit einer Lippen- und Gaumenspalte.<\/li>\n<li>Schulung von indischen Pflegenden und \u00c4rztinnen.<\/li>\n<li>Intensiver Austausch mit Eltern und Personal<\/li>\n<li>Wertvolle Eindr\u00fccke der anderen Stillkultur<\/li>\n<\/ul>\n<div id=\"metaslider-id-1203\" style=\"width: 100%; margin: 0 auto;\" class=\"ml-slider-3-102-0 metaslider metaslider-flex metaslider-1203 ml-slider has-dots-nav ms-theme-default\" role=\"region\" aria-label=\"Indien\" data-height=\"300\" data-width=\"700\">\n    <div id=\"metaslider_container_1203\">\n        <div id=\"metaslider_1203\">\n            <ul class='slides'>\n                <li style=\"display: block; width: 100%;\" class=\"slide-1213 ms-image \" aria-roledescription=\"slide\" data-date=\"2022-12-15 12:28:01\" data-slide-type=\"image\"><img loading=\"lazy\" decoding=\"async\" width=\"600\" height=\"447\" src=\"https:\/\/lkgstillen.ch\/wordpress\/wp-content\/uploads\/2015\/05\/4-Indien_Klaus_H.jpg\" class=\"slider-1203 slide-1213 msDefaultImage\" alt=\"\" rel=\"\" title=\"1 Dr. Klaus Honigmann und Dr. Johannes Kuttenberger\" style=\"margin: 0 auto; width: 57.526366251198%\" srcset=\"https:\/\/lkgstillen.ch\/wordpress\/wp-content\/uploads\/2015\/05\/4-Indien_Klaus_H.jpg 600w, https:\/\/lkgstillen.ch\/wordpress\/wp-content\/uploads\/2015\/05\/4-Indien_Klaus_H-300x224.jpg 300w\" sizes=\"auto, (max-width: 600px) 100vw, 600px\" \/><div class=\"caption-wrap\"><div class=\"caption\">Dr. Klaus Honigmann und Dr. Johannes Kuttenberger<\/div><\/div><\/li>\n                <li style=\"display: none; width: 100%;\" class=\"slide-1211 ms-image \" aria-roledescription=\"slide\" data-date=\"2022-12-15 12:28:01\" data-slide-type=\"image\"><img loading=\"lazy\" decoding=\"async\" width=\"600\" height=\"450\" src=\"https:\/\/lkgstillen.ch\/wordpress\/wp-content\/uploads\/2015\/05\/6-DSCF0625.jpg\" class=\"slider-1203 slide-1211 msDefaultImage\" alt=\"\" rel=\"\" title=\"3 Mutter und Kind immer zusammen\" style=\"margin: 0 auto; width: 57.142857142857%\" srcset=\"https:\/\/lkgstillen.ch\/wordpress\/wp-content\/uploads\/2015\/05\/6-DSCF0625.jpg 600w, https:\/\/lkgstillen.ch\/wordpress\/wp-content\/uploads\/2015\/05\/6-DSCF0625-300x225.jpg 300w\" sizes=\"auto, (max-width: 600px) 100vw, 600px\" \/><div class=\"caption-wrap\"><div class=\"caption\">Mutter und Kind <\/div><\/div><\/li>\n                <li style=\"display: none; width: 100%;\" class=\"slide-1212 ms-image \" aria-roledescription=\"slide\" data-date=\"2022-12-15 12:28:01\" data-slide-type=\"image\"><img loading=\"lazy\" decoding=\"async\" width=\"600\" height=\"450\" src=\"https:\/\/lkgstillen.ch\/wordpress\/wp-content\/uploads\/2015\/05\/5.jpg\" class=\"slider-1203 slide-1212 msDefaultImage\" alt=\"\" rel=\"\" title=\"2 auf der Abteilung\" style=\"margin: 0 auto; width: 57.142857142857%\" srcset=\"https:\/\/lkgstillen.ch\/wordpress\/wp-content\/uploads\/2015\/05\/5.jpg 600w, https:\/\/lkgstillen.ch\/wordpress\/wp-content\/uploads\/2015\/05\/5-300x225.jpg 300w\" sizes=\"auto, (max-width: 600px) 100vw, 600px\" \/><div class=\"caption-wrap\"><div class=\"caption\">Auf der Abteilung<\/div><\/div><\/li>\n                <li style=\"display: none; width: 100%;\" class=\"slide-1210 ms-image \" aria-roledescription=\"slide\" data-date=\"2022-12-15 12:28:01\" data-slide-type=\"image\"><img loading=\"lazy\" decoding=\"async\" width=\"600\" height=\"450\" src=\"https:\/\/lkgstillen.ch\/wordpress\/wp-content\/uploads\/2015\/05\/7-DSCF0796.jpg\" class=\"slider-1203 slide-1210 msDefaultImage\" alt=\"\" rel=\"\" title=\"4 trinkt Milch mit L\u00f6ffel\" style=\"margin: 0 auto; width: 57.142857142857%\" srcset=\"https:\/\/lkgstillen.ch\/wordpress\/wp-content\/uploads\/2015\/05\/7-DSCF0796.jpg 600w, https:\/\/lkgstillen.ch\/wordpress\/wp-content\/uploads\/2015\/05\/7-DSCF0796-300x225.jpg 300w\" sizes=\"auto, (max-width: 600px) 100vw, 600px\" \/><div class=\"caption-wrap\"><div class=\"caption\">Das Kind trinkt mit Hilfe eines L\u00f6ffels<\/div><\/div><\/li>\n                <li style=\"display: none; width: 100%;\" class=\"slide-1209 ms-image \" aria-roledescription=\"slide\" data-date=\"2022-12-15 12:28:01\" data-slide-type=\"image\"><img loading=\"lazy\" decoding=\"async\" width=\"600\" height=\"450\" src=\"https:\/\/lkgstillen.ch\/wordpress\/wp-content\/uploads\/2015\/05\/8-DSCF0801.jpg\" class=\"slider-1203 slide-1209 msDefaultImage\" alt=\"\" rel=\"\" title=\"5 Erleichterte Mutter\" style=\"margin: 0 auto; width: 57.142857142857%\" srcset=\"https:\/\/lkgstillen.ch\/wordpress\/wp-content\/uploads\/2015\/05\/8-DSCF0801.jpg 600w, https:\/\/lkgstillen.ch\/wordpress\/wp-content\/uploads\/2015\/05\/8-DSCF0801-300x225.jpg 300w\" sizes=\"auto, (max-width: 600px) 100vw, 600px\" \/><div class=\"caption-wrap\"><div class=\"caption\">Erleichterte Mutter<\/div><\/div><\/li>\n                <li style=\"display: none; width: 100%;\" class=\"slide-1208 ms-image \" aria-roledescription=\"slide\" data-date=\"2022-12-15 12:28:01\" data-slide-type=\"image\"><img loading=\"lazy\" decoding=\"async\" width=\"600\" height=\"450\" src=\"https:\/\/lkgstillen.ch\/wordpress\/wp-content\/uploads\/2015\/05\/10-DSCF0809.jpg\" class=\"slider-1203 slide-1208 msDefaultImage\" alt=\"\" rel=\"\" title=\"6 Zunge in der Spalte sichtbar\" style=\"margin: 0 auto; width: 57.142857142857%\" srcset=\"https:\/\/lkgstillen.ch\/wordpress\/wp-content\/uploads\/2015\/05\/10-DSCF0809.jpg 600w, https:\/\/lkgstillen.ch\/wordpress\/wp-content\/uploads\/2015\/05\/10-DSCF0809-300x225.jpg 300w\" sizes=\"auto, (max-width: 600px) 100vw, 600px\" \/><div class=\"caption-wrap\"><div class=\"caption\">Zunge ist in der Spalte sichtbar<\/div><\/div><\/li>\n                <li style=\"display: none; width: 100%;\" class=\"slide-1207 ms-image \" aria-roledescription=\"slide\" data-date=\"2022-12-15 12:28:01\" data-slide-type=\"image\"><img loading=\"lazy\" decoding=\"async\" width=\"600\" height=\"450\" src=\"https:\/\/lkgstillen.ch\/wordpress\/wp-content\/uploads\/2015\/05\/11-DSCN06311.jpg\" class=\"slider-1203 slide-1207 msDefaultImage\" alt=\"\" rel=\"\" title=\"7  Kind an der Brust\" style=\"margin: 0 auto; width: 57.142857142857%\" srcset=\"https:\/\/lkgstillen.ch\/wordpress\/wp-content\/uploads\/2015\/05\/11-DSCN06311.jpg 600w, https:\/\/lkgstillen.ch\/wordpress\/wp-content\/uploads\/2015\/05\/11-DSCN06311-300x225.jpg 300w\" sizes=\"auto, (max-width: 600px) 100vw, 600px\" \/><div class=\"caption-wrap\"><div class=\"caption\">Kind an der Brust<\/div><\/div><\/li>\n                <li style=\"display: none; width: 100%;\" class=\"slide-1206 ms-image \" aria-roledescription=\"slide\" data-date=\"2022-12-15 12:28:01\" data-slide-type=\"image\"><img loading=\"lazy\" decoding=\"async\" width=\"600\" height=\"553\" src=\"https:\/\/lkgstillen.ch\/wordpress\/wp-content\/uploads\/2015\/05\/13-Indien_LKGS_FF_.jpg\" class=\"slider-1203 slide-1206 msDefaultImage\" alt=\"\" rel=\"\" title=\"9 Neugeborenes Fingerfeeding mit Paladay\" style=\"margin: 0 auto; width: 46.499612503229%\" srcset=\"https:\/\/lkgstillen.ch\/wordpress\/wp-content\/uploads\/2015\/05\/13-Indien_LKGS_FF_.jpg 600w, https:\/\/lkgstillen.ch\/wordpress\/wp-content\/uploads\/2015\/05\/13-Indien_LKGS_FF_-300x277.jpg 300w\" sizes=\"auto, (max-width: 600px) 100vw, 600px\" \/><div class=\"caption-wrap\"><div class=\"caption\">Neugeborenes Fingerfeeding mit Palady<\/div><\/div><\/li>\n                <li style=\"display: none; width: 100%;\" class=\"slide-1204 ms-image \" aria-roledescription=\"slide\" data-date=\"2022-12-15 12:28:01\" data-slide-type=\"image\"><img loading=\"lazy\" decoding=\"async\" width=\"600\" height=\"447\" src=\"https:\/\/lkgstillen.ch\/wordpress\/wp-content\/uploads\/2015\/05\/15-.png\" class=\"slider-1203 slide-1204 msDefaultImage\" alt=\"\" rel=\"\" title=\"10 untmittelbar nach Lippenverschluss\" style=\"margin: 0 auto; width: 57.526366251198%\" srcset=\"https:\/\/lkgstillen.ch\/wordpress\/wp-content\/uploads\/2015\/05\/15-.png 600w, https:\/\/lkgstillen.ch\/wordpress\/wp-content\/uploads\/2015\/05\/15--300x224.png 300w\" sizes=\"auto, (max-width: 600px) 100vw, 600px\" \/><div class=\"caption-wrap\"><div class=\"caption\">Unmittelbar nach dem Lippenverschluss<\/div><\/div><\/li>\n                <li style=\"display: none; width: 100%;\" class=\"slide-1205 ms-image \" aria-roledescription=\"slide\" data-date=\"2022-12-15 12:28:01\" data-slide-type=\"image\"><img loading=\"lazy\" decoding=\"async\" width=\"600\" height=\"449\" src=\"https:\/\/lkgstillen.ch\/wordpress\/wp-content\/uploads\/2015\/05\/14-vlcsnap-2015-04-16-15h04m18s19.png\" class=\"slider-1203 slide-1205 msDefaultImage\" alt=\"\" rel=\"\" title=\"11 darf nach der Operation wieder an die Brust\" style=\"margin: 0 auto; width: 57.270124085269%\" srcset=\"https:\/\/lkgstillen.ch\/wordpress\/wp-content\/uploads\/2015\/05\/14-vlcsnap-2015-04-16-15h04m18s19.png 600w, https:\/\/lkgstillen.ch\/wordpress\/wp-content\/uploads\/2015\/05\/14-vlcsnap-2015-04-16-15h04m18s19-300x225.png 300w\" sizes=\"auto, (max-width: 600px) 100vw, 600px\" \/><div class=\"caption-wrap\"><div class=\"caption\">Baby darf nach der Operation wieder an die Brust.<\/div><\/div><\/li>\n                <li style=\"display: none; width: 100%;\" class=\"slide-1214 ms-image \" aria-roledescription=\"slide\" data-date=\"2022-12-15 12:28:01\" data-slide-type=\"image\"><img loading=\"lazy\" decoding=\"async\" width=\"600\" height=\"452\" src=\"https:\/\/lkgstillen.ch\/wordpress\/wp-content\/uploads\/2015\/05\/16-Indien_vor-OP_1.jpg\" class=\"slider-1203 slide-1214 msDefaultImage\" alt=\"\" rel=\"\" title=\"12 vor dem Lippenverschluss\" style=\"margin: 0 auto; width: 56.890012642225%\" srcset=\"https:\/\/lkgstillen.ch\/wordpress\/wp-content\/uploads\/2015\/05\/16-Indien_vor-OP_1.jpg 600w, https:\/\/lkgstillen.ch\/wordpress\/wp-content\/uploads\/2015\/05\/16-Indien_vor-OP_1-300x226.jpg 300w\" sizes=\"auto, (max-width: 600px) 100vw, 600px\" \/><div class=\"caption-wrap\"><div class=\"caption\">Vor dem Lippenverschluss<\/div><\/div><\/li>\n                <li style=\"display: none; width: 100%;\" class=\"slide-1217 ms-image \" aria-roledescription=\"slide\" data-date=\"2022-12-15 12:28:01\" data-slide-type=\"image\"><img loading=\"lazy\" decoding=\"async\" width=\"600\" height=\"450\" src=\"https:\/\/lkgstillen.ch\/wordpress\/wp-content\/uploads\/2015\/05\/18-Indien_PO_l\u00e4chelnd_3.jpg\" class=\"slider-1203 slide-1217 msDefaultImage\" alt=\"\" rel=\"\" title=\"13 nach dem Lippenverschluss\" style=\"margin: 0 auto; width: 57.142857142857%\" srcset=\"https:\/\/lkgstillen.ch\/wordpress\/wp-content\/uploads\/2015\/05\/18-Indien_PO_l\u00e4chelnd_3.jpg 600w, https:\/\/lkgstillen.ch\/wordpress\/wp-content\/uploads\/2015\/05\/18-Indien_PO_l\u00e4chelnd_3-300x225.jpg 300w\" sizes=\"auto, (max-width: 600px) 100vw, 600px\" \/><div class=\"caption-wrap\"><div class=\"caption\">Nach dem Lippenverschluss<\/div><\/div><\/li>\n                <li style=\"display: none; width: 100%;\" class=\"slide-1218 ms-image \" aria-roledescription=\"slide\" data-date=\"2022-12-15 12:28:01\" data-slide-type=\"image\"><img loading=\"lazy\" decoding=\"async\" width=\"600\" height=\"447\" src=\"https:\/\/lkgstillen.ch\/wordpress\/wp-content\/uploads\/2015\/05\/19-Indien_cup.jpg\" class=\"slider-1203 slide-1218 msDefaultImage\" alt=\"\" rel=\"\" title=\"14 trinkt aus dem Becher\" style=\"margin: 0 auto; width: 57.526366251198%\" srcset=\"https:\/\/lkgstillen.ch\/wordpress\/wp-content\/uploads\/2015\/05\/19-Indien_cup.jpg 600w, https:\/\/lkgstillen.ch\/wordpress\/wp-content\/uploads\/2015\/05\/19-Indien_cup-300x224.jpg 300w\" sizes=\"auto, (max-width: 600px) 100vw, 600px\" \/><div class=\"caption-wrap\"><div class=\"caption\">Trinkt aus dem Becher<\/div><\/div><\/li>\n                <li style=\"display: none; width: 100%;\" class=\"slide-1219 ms-image \" aria-roledescription=\"slide\" data-date=\"2022-12-15 12:28:01\" data-slide-type=\"image\"><img loading=\"lazy\" decoding=\"async\" width=\"600\" height=\"450\" src=\"https:\/\/lkgstillen.ch\/wordpress\/wp-content\/uploads\/2015\/05\/20_Smile-Train-\u00fcbernimmt-die-Operationen-und-Nachsorge-.jpg\" class=\"slider-1203 slide-1219 msDefaultImage\" alt=\"\" rel=\"\" title=\"\" style=\"margin: 0 auto; width: 57.142857142857%\" srcset=\"https:\/\/lkgstillen.ch\/wordpress\/wp-content\/uploads\/2015\/05\/20_Smile-Train-\u00fcbernimmt-die-Operationen-und-Nachsorge-.jpg 600w, https:\/\/lkgstillen.ch\/wordpress\/wp-content\/uploads\/2015\/05\/20_Smile-Train-\u00fcbernimmt-die-Operationen-und-Nachsorge--300x225.jpg 300w\" sizes=\"auto, (max-width: 600px) 100vw, 600px\" \/><div class=\"caption-wrap\"><div class=\"caption\">Smile Train Organisation \u00fcbernahm die Operationen und die Nachsorge<\/div><\/div><\/li>\n                <li style=\"display: none; width: 100%;\" class=\"slide-1220 ms-image \" aria-roledescription=\"slide\" data-date=\"2022-12-15 12:28:02\" data-slide-type=\"image\"><img loading=\"lazy\" decoding=\"async\" width=\"450\" height=\"600\" src=\"https:\/\/lkgstillen.ch\/wordpress\/wp-content\/uploads\/2015\/05\/21-DSCF0617.jpg\" class=\"slider-1203 slide-1220 msDefaultImage\" alt=\"\" rel=\"\" title=\"16 Die Smile Train Organisation ist weltweit t\u00e4tig\" style=\"margin: 0 auto; width: 32.142857142857%\" srcset=\"https:\/\/lkgstillen.ch\/wordpress\/wp-content\/uploads\/2015\/05\/21-DSCF0617.jpg 450w, https:\/\/lkgstillen.ch\/wordpress\/wp-content\/uploads\/2015\/05\/21-DSCF0617-225x300.jpg 225w\" sizes=\"auto, (max-width: 450px) 100vw, 450px\" \/><div class=\"caption-wrap\"><div class=\"caption\">Die Smile Train Organisation ist weltweit t\u00e4tig.<\/div><\/div><\/li>\n            <\/ul>\n        <\/div>\n        \n    <\/div>\n<\/div>\n<p style=\"font-weight: 400;\">Seit 2001 hat die weltweit t\u00e4tige \u00abSmile Train Organisation\u00bb kostenlose Behandlungen von Patienten mit einer Spalte \u00fcbernommen. Inzwischen wurde das S.D.M. College als ein Spaltzentrum dieser Organisation anerkannt. J\u00e4hrlich wurden \u00fcber 1000 Kinder operiert. Die Organisation garantierte auch deren Nachbetreuung. Mit Bussen wurden die Kinder aus den D\u00f6rfern zu einer Kontrolle abgeholt und ins Zentrum gef\u00fchrt. Smile bedeutet l\u00e4cheln, die Organisation schenkt gewissermassen den Kindern das L\u00e4cheln zur\u00fcck.<br \/>\nDas, von Dr. med. Dr. med. dent. Klaus Honigmann\u2020, Dr. med. Dr. med. dent. Johannes Kuttenberger und Christa Herzog, IBCLC begonnene Werk wurde von den Chirurgen vom S.D.M College nachhaltig weiter gef\u00fchrt.<\/p>\n<p><a href=\"http:\/\/lkgstillen.ch\/wordpress\/wp-content\/uploads\/2015\/04\/TitelBlatt_Indien.jpg\"><img loading=\"lazy\" decoding=\"async\" class=\"alignnone size-medium wp-image-165\" src=\"http:\/\/lkgstillen.ch\/wordpress\/wp-content\/uploads\/2015\/04\/TitelBlatt_Indien-300x221.jpg\" alt=\"TitelBlatt_Indien\" width=\"300\" height=\"221\" srcset=\"https:\/\/lkgstillen.ch\/wordpress\/wp-content\/uploads\/2015\/04\/TitelBlatt_Indien-300x221.jpg 300w, https:\/\/lkgstillen.ch\/wordpress\/wp-content\/uploads\/2015\/04\/TitelBlatt_Indien.jpg 351w\" sizes=\"auto, (max-width: 300px) 100vw, 300px\" \/><\/a><\/p>\n<p>Die Eins\u00e4tze in Indien erweiterten meinen Blickwinkel erheblich. Dankbar bin ich f\u00fcr die Erfahrungen mit den Eltern und Kindern, dem Pflegepersonal, den Chirurg*innen, den An\u00e4sthesist*innen. Freundschaften halten \u00fcber Distanz und Zeit.<\/p>\n<p><a href=\"https:\/\/lkgstillen.ch\/wordpress\/wp-content\/uploads\/2024\/09\/Indien_Strand.jpg\"><img loading=\"lazy\" decoding=\"async\" class=\"alignnone wp-image-1456 size-medium\" src=\"https:\/\/lkgstillen.ch\/wordpress\/wp-content\/uploads\/2024\/09\/Indien_Strand-300x225.jpg\" alt=\"\" width=\"300\" height=\"225\" srcset=\"https:\/\/lkgstillen.ch\/wordpress\/wp-content\/uploads\/2024\/09\/Indien_Strand-300x225.jpg 300w, https:\/\/lkgstillen.ch\/wordpress\/wp-content\/uploads\/2024\/09\/Indien_Strand.jpg 400w\" sizes=\"auto, (max-width: 300px) 100vw, 300px\" \/><\/a> <a href=\"https:\/\/lkgstillen.ch\/wordpress\/wp-content\/uploads\/2024\/09\/Indien_Karren.jpg\"><img loading=\"lazy\" decoding=\"async\" class=\"alignnone wp-image-1455 size-medium\" src=\"https:\/\/lkgstillen.ch\/wordpress\/wp-content\/uploads\/2024\/09\/Indien_Karren-300x225.jpg\" alt=\"\" width=\"300\" height=\"225\" srcset=\"https:\/\/lkgstillen.ch\/wordpress\/wp-content\/uploads\/2024\/09\/Indien_Karren-300x225.jpg 300w, https:\/\/lkgstillen.ch\/wordpress\/wp-content\/uploads\/2024\/09\/Indien_Karren.jpg 400w\" sizes=\"auto, (max-width: 300px) 100vw, 300px\" \/><\/a> <a href=\"https:\/\/lkgstillen.ch\/wordpress\/wp-content\/uploads\/2024\/09\/Indien_Hilfe.jpg\"><img loading=\"lazy\" decoding=\"async\" class=\"alignnone wp-image-1454 size-medium\" src=\"https:\/\/lkgstillen.ch\/wordpress\/wp-content\/uploads\/2024\/09\/Indien_Hilfe-300x225.jpg\" alt=\"\" width=\"300\" height=\"225\" srcset=\"https:\/\/lkgstillen.ch\/wordpress\/wp-content\/uploads\/2024\/09\/Indien_Hilfe-300x225.jpg 300w, https:\/\/lkgstillen.ch\/wordpress\/wp-content\/uploads\/2024\/09\/Indien_Hilfe.jpg 400w\" sizes=\"auto, (max-width: 300px) 100vw, 300px\" \/><\/a> <a href=\"https:\/\/lkgstillen.ch\/wordpress\/wp-content\/uploads\/2024\/09\/Indien_Ambulance.jpg\"><img loading=\"lazy\" decoding=\"async\" class=\"alignnone wp-image-1453 size-medium\" src=\"https:\/\/lkgstillen.ch\/wordpress\/wp-content\/uploads\/2024\/09\/Indien_Ambulance-300x225.jpg\" alt=\"\" width=\"300\" height=\"225\" srcset=\"https:\/\/lkgstillen.ch\/wordpress\/wp-content\/uploads\/2024\/09\/Indien_Ambulance-300x225.jpg 300w, https:\/\/lkgstillen.ch\/wordpress\/wp-content\/uploads\/2024\/09\/Indien_Ambulance.jpg 400w\" sizes=\"auto, (max-width: 300px) 100vw, 300px\" \/><\/a><\/p>\n","protected":false},"excerpt":{"rendered":"<p>Inhalt des Projektes Humanit\u00e4re Hilfe von 1995 &#8211; 2002 gemeinsam mit zwei Chirurgen, Dr. Dr. K. Honigmann \u2020 und Dr. Dr. J. Kuttenberger am S.D.M. College of Dental Sciences &amp; Hospital in Dharwad, Karnataka. Ich k\u00fcmmerte mich w\u00e4hrend dem Einsatz &hellip; <a href=\"https:\/\/lkgstillen.ch\/wordpress\/projekt-indien\/\">Weiterlesen <span class=\"meta-nav\">&rarr;<\/span><\/a><\/p>\n","protected":false},"author":1,"featured_media":676,"parent":0,"menu_order":0,"comment_status":"closed","ping_status":"closed","template":"","meta":{"footnotes":""},"class_list":["post-40","page","type-page","status-publish","has-post-thumbnail","hentry"],"aioseo_notices":[],"_links":{"self":[{"href":"https:\/\/lkgstillen.ch\/wordpress\/wp-json\/wp\/v2\/pages\/40","targetHints":{"allow":["GET"]}}],"collection":[{"href":"https:\/\/lkgstillen.ch\/wordpress\/wp-json\/wp\/v2\/pages"}],"about":[{"href":"https:\/\/lkgstillen.ch\/wordpress\/wp-json\/wp\/v2\/types\/page"}],"author":[{"embeddable":true,"href":"https:\/\/lkgstillen.ch\/wordpress\/wp-json\/wp\/v2\/users\/1"}],"replies":[{"embeddable":true,"href":"https:\/\/lkgstillen.ch\/wordpress\/wp-json\/wp\/v2\/comments?post=40"}],"version-history":[{"count":17,"href":"https:\/\/lkgstillen.ch\/wordpress\/wp-json\/wp\/v2\/pages\/40\/revisions"}],"predecessor-version":[{"id":1472,"href":"https:\/\/lkgstillen.ch\/wordpress\/wp-json\/wp\/v2\/pages\/40\/revisions\/1472"}],"wp:featuredmedia":[{"embeddable":true,"href":"https:\/\/lkgstillen.ch\/wordpress\/wp-json\/wp\/v2\/media\/676"}],"wp:attachment":[{"href":"https:\/\/lkgstillen.ch\/wordpress\/wp-json\/wp\/v2\/media?parent=40"}],"curies":[{"name":"wp","href":"https:\/\/api.w.org\/{rel}","templated":true}]}}