{"id":36,"date":"2015-03-26T08:51:40","date_gmt":"2015-03-26T08:51:40","guid":{"rendered":"http:\/\/wp12210664.server-he.ch\/wordpress\/?page_id=36"},"modified":"2025-11-20T09:46:18","modified_gmt":"2025-11-20T09:46:18","slug":"ernaehrung","status":"publish","type":"page","link":"https:\/\/lkgstillen.ch\/wordpress\/ernaehrung\/","title":{"rendered":"Ern\u00e4hrung"},"content":{"rendered":"<p style=\"font-weight: 400;\">In den ersten Wochen ben\u00f6tigt die Ern\u00e4hrung Ihres Neugeborenen viel Geduld und Zeit. Ist Ihr Baby mit einem weichen oder harten offenen Gaumen geboren, ist das Stillen zwar m\u00f6glich, jedoch braucht es von Anfang an ein Hilfsmittel und das Abpumpen der Muttermilch dazu.<\/p>\n<p style=\"font-weight: 400;\">Durch die Luft, die zwischen offenem Gaumen und Nase entweicht, kann das Baby keinen Unterdruck aufbauen. Es wird die Brust suchen, die Zunge an die Mamille legen und versuchen zu saugen. Manchmal sind es Schmatzger\u00e4usche die auffallen. Durch den fehlenden Unterdruck wird die Milchproduktion ungen\u00fcgend angeregt. Darum ist es sinnvoll nach der Kolostrumgewinnung mit beidseitigem Abpumpen zu beginnen. \u00a0&gt; \u00a0siehe <a title=\"Das HERZOG\u00a9 Prinzip\" href=\"https:\/\/lkgstillen.ch\/wordpress\/das-herzog-prinzip\/\">HERZOG Prinzip<\/a><\/p>\n<p style=\"font-weight: 400;\">Ihr Neugeborenes bekommt ausmassiertes oder abgepumptes Kolostrum, entweder direkt in den Mund massiert, oder mit einem weichen Ern\u00e4hrunsaufsatz auf einer Spritze, direkt an der Brust. Stillen mit einem Hilfsmittel nennt man das! Lassen Sie sich die Stillhilfen, den weichen Aufsatz (FingerFeeder), die Sonde mit Spritze den SpecialNeeds\u00ae Sauger (ehemals Haberman) oder einen anderen geeigneten Sauger von einer Fachperson erkl\u00e4ren. Machen Sie sich mit der Anwendung vertraut.<\/p>\n<p>In meiner <a href=\"http:\/\/lkgstillen.ch\/wordpress\/?page_id=48\">DVD Mauro &#8211; \u201eYes, he can!<\/a>\u201c sehen Sie die meisten Anwendungen der Hilfsmittel.<br \/>\n<span style=\"color: #ff0000;\">Achtung! Das im Film gezeigte Brustern\u00e4hrungsset wird nicht mehr hergestellt.<br \/>\n<\/span><a href=\"https:\/\/lkgstillen.ch\/wordpress\/wp-content\/uploads\/2015\/05\/8_Erfahrungsbericht_Mauro.pdf\" target=\"_blank\" rel=\"noopener\">Erfahrungsbericht Fabienne &amp; Mauro<\/a><\/p>\n<p style=\"font-weight: 400;\">In den ersten Wochen nach der Geburt wird eine kombinierte Ern\u00e4hrungsvariante notwendig sein.<br \/>\nBehalten Sie in den ersten Wochen die Gewichtszunahme im Auge.<\/p>\n<p style=\"font-weight: 400;\">Die Mundmuskulatur wird mit jedem Trinken kr\u00e4ftiger und nach der kompletten Gaumenplastik kann Ihr Baby einen normalen Unterdruck aufbauen. Hilfsmittel und Pumpe er\u00fcbrigen sich. Ihr Baby wird nun stillen und essen k\u00f6nnen.<\/p>\n<p style=\"font-weight: 400;\">Falls Sie nicht stillen m\u00f6chten, oder Ihr Baby das nicht kann, profitiert es von der abgepumpten Muttermilch mit deren immunologischen Vorteilen.<\/p>\n<p style=\"font-weight: 400;\"><strong>Vorteile der Muttermilch f\u00fcr das Kind<\/strong><\/p>\n<ul style=\"font-weight: 400;\">\n<li>einzigartige Zusammensetzung und Mikrobiom jeder Mutter<\/li>\n<li>immunologische Vorteile (Mittelohr, Nasenschleimhaut)<\/li>\n<li>weniger Infektionen<\/li>\n<li>optimale Wundheilung nach der Operation<\/li>\n<\/ul>\n<p style=\"font-weight: 400;\"><strong>Vorteile der abgepumpten Muttermilch f\u00fcr die Mutter<\/strong><\/p>\n<ul style=\"font-weight: 400;\">\n<li>beeinflusst die m\u00fctterliche Gesundheit<\/li>\n<li>senkt auch kurzfristig das Risiko f\u00fcr die Entstehung von Herz-Kreislauf-Erkrankungen bei Frauen mit Schwangerschaftskomplikationen<\/li>\n<li>l\u00e4ngeres Stillen oder Abpumpen verringert m\u00fctterliches Risiko f\u00fcr Multiple Sklerose<\/li>\n<li>beeinflusst das Risiko von Rezidiven einer Multiplen Sklerose positiv<\/li>\n<li>sch\u00fctzt vor Bluthochdruck<\/li>\n<li>reduziert das Risiko f\u00fcr m\u00fctterliches Endometriumkarzinom<\/li>\n<\/ul>\n<p style=\"font-weight: 400;\">Nachweis Newsletter-Stillen &amp; Laktation EISL<\/p>\n<p style=\"font-weight: 400;\"><strong>Vorteile des Stillens<\/strong><\/p>\n<ul style=\"font-weight: 400;\">\n<li>kr\u00e4ftige Mund- und Gesichtsmuskulatur<\/li>\n<li>Intensivierung der Mutter-Kind- Beziehung<\/li>\n<li>beim Stillen wird die Spalte von der Brust verdeckt<\/li>\n<li>nach der Lippen- und Gaumenplastik, Chance einer normalen Stillzeit<\/li>\n<\/ul>\n<p style=\"font-weight: 400;\">Viele andere Faktoren beeinflussen Ihren Weg der Ern\u00e4hrung, jede Familie, jedes Kind hat andere Voraussetzungen.<\/p>\n","protected":false},"excerpt":{"rendered":"<p>In den ersten Wochen ben\u00f6tigt die Ern\u00e4hrung Ihres Neugeborenen viel Geduld und Zeit. Ist Ihr Baby mit einem weichen oder harten offenen Gaumen geboren, ist das Stillen zwar m\u00f6glich, jedoch braucht es von Anfang an ein Hilfsmittel und das Abpumpen &hellip; <a href=\"https:\/\/lkgstillen.ch\/wordpress\/ernaehrung\/\">Weiterlesen <span class=\"meta-nav\">&rarr;<\/span><\/a><\/p>\n","protected":false},"author":1,"featured_media":226,"parent":0,"menu_order":0,"comment_status":"closed","ping_status":"closed","template":"","meta":{"footnotes":""},"class_list":["post-36","page","type-page","status-publish","has-post-thumbnail","hentry"],"aioseo_notices":[],"_links":{"self":[{"href":"https:\/\/lkgstillen.ch\/wordpress\/wp-json\/wp\/v2\/pages\/36","targetHints":{"allow":["GET"]}}],"collection":[{"href":"https:\/\/lkgstillen.ch\/wordpress\/wp-json\/wp\/v2\/pages"}],"about":[{"href":"https:\/\/lkgstillen.ch\/wordpress\/wp-json\/wp\/v2\/types\/page"}],"author":[{"embeddable":true,"href":"https:\/\/lkgstillen.ch\/wordpress\/wp-json\/wp\/v2\/users\/1"}],"replies":[{"embeddable":true,"href":"https:\/\/lkgstillen.ch\/wordpress\/wp-json\/wp\/v2\/comments?post=36"}],"version-history":[{"count":16,"href":"https:\/\/lkgstillen.ch\/wordpress\/wp-json\/wp\/v2\/pages\/36\/revisions"}],"predecessor-version":[{"id":1482,"href":"https:\/\/lkgstillen.ch\/wordpress\/wp-json\/wp\/v2\/pages\/36\/revisions\/1482"}],"wp:featuredmedia":[{"embeddable":true,"href":"https:\/\/lkgstillen.ch\/wordpress\/wp-json\/wp\/v2\/media\/226"}],"wp:attachment":[{"href":"https:\/\/lkgstillen.ch\/wordpress\/wp-json\/wp\/v2\/media?parent=36"}],"curies":[{"name":"wp","href":"https:\/\/api.w.org\/{rel}","templated":true}]}}