{"id":219,"date":"2015-04-20T12:01:25","date_gmt":"2015-04-20T12:01:25","guid":{"rendered":"http:\/\/wp12210664.server-he.ch\/wordpress\/?page_id=219"},"modified":"2025-11-28T12:30:57","modified_gmt":"2025-11-28T12:30:57","slug":"hilfsmittel","status":"publish","type":"page","link":"https:\/\/lkgstillen.ch\/wordpress\/hilfsmittel\/","title":{"rendered":"Hilfsmittel"},"content":{"rendered":"<p><strong>Hilfsmittel zur Ern\u00e4hrung auch an der Brust<\/strong><\/p>\n<p style=\"font-weight: 400;\">Mein Ziel ist eine sichere Ern\u00e4hrung, die f\u00fcr die Eltern und deren Situation durchf\u00fchrbar ist.<\/p>\n<p style=\"font-weight: 400;\">Wegen dem fehlenden Unterdruck ist bei Stillwunsch ein Hilfsmittel notwendig. Darum der Ausdruck Teil-Stillen. Nicht zu verwechseln mit einem Baby mit intaktem Gaumen.<\/p>\n<p style=\"font-weight: 400;\"><strong>Mit dem FingerFeeder an der Brust<\/strong><\/p>\n<ul>\n<li>Erlebt das Baby, wie es sich anf\u00fchlt ern\u00e4hrt zu werden. Der aus weichem Silikon bestehende FingerFeeder-Aufsatz passt auf jede Spritze und wird im Mundwinkel des Babys eingef\u00fchrt, w\u00e4hrend es an die Brust angelegt ist.<\/li>\n<\/ul>\n<p><strong>Mit Sonde an der Brust<\/strong><\/p>\n<ul>\n<li>Eine an die Brust geklebte feine Magensonde ist eine einfache, kosteng\u00fcnstige Methode, um an der Brust zu \u00fcben. Aus der an die Brust geklebten Sonde fliesst die Milch direkt in den Mund des Babys. Magensonden und Spritzen sind in Apotheken erh\u00e4ltlich.<\/li>\n<li>siehe Erfahrungsbericht Sandro mit Sonde an der Brust &gt; <a href=\"https:\/\/lkgstillen.ch\/wordpress\/wp-content\/uploads\/2024\/08\/Erfahrungsbericht_Sandro_Spalte-im-weichen-Gaumen.pdf\" target=\"_blank\" rel=\"noopener\">PDF<\/a><\/li>\n<\/ul>\n<p><strong>Stillen mit dem Brustern\u00e4hrungsset (BES)<br \/>\n<\/strong><\/p>\n<p style=\"font-weight: 400;\">Das neue Brustern\u00e4hrungsset wird f\u00fcr Babys mit intaktem Gaumen angeboten. <span style=\"color: #ff0000;\">Dieses Hilfsmittel kann beim Baby mit einer Gaumenfehlbildung nur in abge\u00e4nderter Form angewendet werden.<\/span> Dazu braucht es eine Fachperson.<\/p>\n<p style=\"font-weight: 400;\"><strong>Fingerfeeding (FF) als Therapie<\/strong><\/p>\n<ul>\n<li>Der FingerFeeder, ein weicher Ern\u00e4hrungsaufsatz auf der Spritze, erm\u00f6glicht das sogenannte Fingerfeeding, die Ern\u00e4hrung \u00fcber den Finger. Fingerfeeding eignet sich zus\u00e4tzlich zum Stillen.<\/li>\n<li>Es ist eine \u00dcberbr\u00fcckung bis zum vollen Stillen ohne Hilfsmittel nach dem Gaumenverschluss. Damit das Baby an die Brust gepr\u00e4gt bleibt trinkt es t\u00e4glich ebenfalls von der Brust.<\/li>\n<\/ul>\n<p style=\"font-weight: 400;\">Fingerfeeding funktioniert bei Babys mit Schwierigkeiten bei der Ern\u00e4hrung mit der Flasche. Es kann ein Weg sein, um eine Magensonde zu umgehen. Mit dem FingerFeeder, dem weichen Feeder-Aufsatz aus Silikon auf eine Spritze gesteckt, bekommt das Baby \u00fcber den, auf seine Zunge gelegten Finger der Mutter die Milch direkt in den Mund gespritzt.<br \/>\nFingerfeeding ist vergleichbar mit einer Therapie, welche die Muskulatur kr\u00e4ftigt.<\/p>\n<p style=\"font-weight: 400;\">In den ersten Wochen wird eine kombinierte Ern\u00e4hrungsvariante notwendig sein. Speziell <span lang=\"DE-CH\">wegen dem fehlenden Unterdruck bei offenem Gaumen braucht es \u00dcbung bis Ihnen die Handgriffe gelingen. <\/span>Das Baby wird mit einer kr\u00e4ftigen Mundmuskulatur belohnt. Sie beide genie\u00dfen die N\u00e4he.<\/p>\n<p>Sie und Ihr Kind werden gemeinsam den eigenen Weg zur Nahrungsaufnahme finden. Alle diese Bilder geben eine Idee, wie das teilweise Stillen vereinfacht werden kann.<\/p>\n<ul>\n<li>Kinder mit einer Pierre Robin Sequenz (PRS) f\u00e4llt das Trinken generell schwerer, weil der r\u00fcckverlagerte Unterkiefer die Zunge weiter hinten im Mund beh\u00e4lt. Atmen und Trinken sind erschwert. Holen Sie sich Rat bei einer Physiotherapeutin oder Logop\u00e4din, die in der Klinik arbeitet.<\/li>\n<\/ul>\n<p>Stillen ist beim Kind mit ausgepr\u00e4gten Anzeichen des PRS sehr selten m\u00f6glich. Intensivieren Sie darum Zeit in den K\u00f6rperkontakt. Tragen Sie Ihr Baby oft im Tuch. In aufrechter Haltung kann bei allen Kindern mit einer Gaumen-Fehlbildung die geschluckte Luft besser entweichen.<\/p>\n<p><strong>Ern\u00e4hrung mit der Flasche<\/strong><\/p>\n<p>Wenn Sie nicht stillen k\u00f6nnen, eignet sich der SpecialNeeds\u00ae Sauger ab Geburt. Auch ohne Mund-Nasen-Trennplatte kommen die Neugeborenen damit zurecht. Eine Magensonde er\u00fcbrigt sich in den meisten F\u00e4llen.<\/p>\n<p>Wenn Sie ihrem Baby die abgepumpte Muttermilch geben, profitiert es von den Immunstoffen, die in belegten Studien die Mittelohrentz\u00fcndungen signifikant vermindert.<\/p>\n<p>Ist jedoch auch die Muttermilch versiegt, geben Sie Ihrem Baby eine Pre Anfangsnahrung. Wenn es h\u00e4ufig weint, ist das selten ein Grund die Pulvermilch zu \u00e4ndern. Es gibt verschiedene Ursachen daf\u00fcr. Lassen Sie sich von einer Fachfrau beraten.<\/p>\n<div><span lang=\"DE-CH\">Um den\u00a0 SpecialNeeds\u00ae Sauger korrekt anwenden zu k\u00f6nnen, erkundigen <\/span>Sie sich beim Chirurgen nach der Ern\u00e4hrungsfachfrau im Team.<\/div>\n<p><a href=\"http:\/\/lkgstillen.ch\/wordpress\/wp-content\/uploads\/2015\/04\/SpecialNeedsSauger4x.jpg\"><img loading=\"lazy\" decoding=\"async\" class=\"alignnone size-medium wp-image-278\" src=\"http:\/\/lkgstillen.ch\/wordpress\/wp-content\/uploads\/2015\/04\/SpecialNeedsSauger4x-300x241.jpg\" alt=\"SpecialNeedsSauger4x\" width=\"300\" height=\"241\" srcset=\"https:\/\/lkgstillen.ch\/wordpress\/wp-content\/uploads\/2015\/04\/SpecialNeedsSauger4x-300x241.jpg 300w, https:\/\/lkgstillen.ch\/wordpress\/wp-content\/uploads\/2015\/04\/SpecialNeedsSauger4x.jpg 306w\" sizes=\"auto, (max-width: 300px) 100vw, 300px\" \/><\/a><\/p>\n<p>Es gibt auch Babys, die mit einem normalen Sauger ohne Ventil zurechtkommen. Meistens mit einem Sauger, Gr\u00f6sse 3. Vergr\u00f6ssern Sie bitte das Loch oder den Schlitz im Sauger NICHT mit der Schere! <span style=\"font-weight: 400;\">Verschluckt sich das Baby oft, mag es nicht mehr gerne trinken.<\/span><\/p>\n<p style=\"font-weight: 400;\">Wenn in der turbulenten Zeit alles zu viel wird, versiegt oft die Muttermilch. Anfangsmilch, liebevoll dem Baby zugewandt verabreicht, f\u00fchrt zu einer wunderbaren Eltern-Kind-Beziehung. Die Familie w\u00e4chst zusammen, auf dem Weg, den Sie gew\u00e4hlt haben.<\/p>\n<p style=\"font-weight: 400;\"><span style=\"color: #0000ff;\">Vergessen Sie nicht die Entwicklung Ihres Babys zu geniessen, denn die Zeit kehrt nie mehr zur\u00fcck.<\/span><\/p>\n","protected":false},"excerpt":{"rendered":"<p>Hilfsmittel zur Ern\u00e4hrung auch an der Brust Mein Ziel ist eine sichere Ern\u00e4hrung, die f\u00fcr die Eltern und deren Situation durchf\u00fchrbar ist. Wegen dem fehlenden Unterdruck ist bei Stillwunsch ein Hilfsmittel notwendig. Darum der Ausdruck Teil-Stillen. Nicht zu verwechseln mit &hellip; <a href=\"https:\/\/lkgstillen.ch\/wordpress\/hilfsmittel\/\">Weiterlesen <span class=\"meta-nav\">&rarr;<\/span><\/a><\/p>\n","protected":false},"author":1,"featured_media":1447,"parent":0,"menu_order":0,"comment_status":"closed","ping_status":"closed","template":"","meta":{"footnotes":""},"class_list":["post-219","page","type-page","status-publish","has-post-thumbnail","hentry"],"aioseo_notices":[],"_links":{"self":[{"href":"https:\/\/lkgstillen.ch\/wordpress\/wp-json\/wp\/v2\/pages\/219","targetHints":{"allow":["GET"]}}],"collection":[{"href":"https:\/\/lkgstillen.ch\/wordpress\/wp-json\/wp\/v2\/pages"}],"about":[{"href":"https:\/\/lkgstillen.ch\/wordpress\/wp-json\/wp\/v2\/types\/page"}],"author":[{"embeddable":true,"href":"https:\/\/lkgstillen.ch\/wordpress\/wp-json\/wp\/v2\/users\/1"}],"replies":[{"embeddable":true,"href":"https:\/\/lkgstillen.ch\/wordpress\/wp-json\/wp\/v2\/comments?post=219"}],"version-history":[{"count":45,"href":"https:\/\/lkgstillen.ch\/wordpress\/wp-json\/wp\/v2\/pages\/219\/revisions"}],"predecessor-version":[{"id":1509,"href":"https:\/\/lkgstillen.ch\/wordpress\/wp-json\/wp\/v2\/pages\/219\/revisions\/1509"}],"wp:featuredmedia":[{"embeddable":true,"href":"https:\/\/lkgstillen.ch\/wordpress\/wp-json\/wp\/v2\/media\/1447"}],"wp:attachment":[{"href":"https:\/\/lkgstillen.ch\/wordpress\/wp-json\/wp\/v2\/media?parent=219"}],"curies":[{"name":"wp","href":"https:\/\/api.w.org\/{rel}","templated":true}]}}