{"id":200,"date":"2015-04-20T11:33:53","date_gmt":"2015-04-20T11:33:53","guid":{"rendered":"http:\/\/wp12210664.server-he.ch\/wordpress\/?page_id=200"},"modified":"2024-09-10T12:21:14","modified_gmt":"2024-09-10T12:21:14","slug":"das-herzog-prinzip","status":"publish","type":"page","link":"https:\/\/lkgstillen.ch\/wordpress\/das-herzog-prinzip\/","title":{"rendered":"Das HERZOG\u00a9 Prinzip"},"content":{"rendered":"<h4><a href=\"http:\/\/lkgstillen.ch\/wordpress\/wp-content\/uploads\/2015\/04\/DasHerzogPrinzip_zusammen.jpg\"><img loading=\"lazy\" decoding=\"async\" class=\"alignnone wp-image-312 size-full\" src=\"http:\/\/lkgstillen.ch\/wordpress\/wp-content\/uploads\/2015\/04\/DasHerzogPrinzip_zusammen.jpg\" alt=\"DasHerzogPrinzip_zusammen\" width=\"700\" height=\"332\" srcset=\"https:\/\/lkgstillen.ch\/wordpress\/wp-content\/uploads\/2015\/04\/DasHerzogPrinzip_zusammen.jpg 700w, https:\/\/lkgstillen.ch\/wordpress\/wp-content\/uploads\/2015\/04\/DasHerzogPrinzip_zusammen-300x142.jpg 300w\" sizes=\"auto, (max-width: 700px) 100vw, 700px\" \/><\/a><\/h4>\n<h4>1. Hautkontakt intensiv<\/h4>\n<p>Pr\u00e4gung des Neugeborenen <b>\u2013<\/b>\u00a0in unbeschr\u00e4nktem Hautkontakt lassen.\u00a0Geniessen Sie nach der Geburt Ihr Neugeborenes auf Ihrer Haut zu sp\u00fcren. Nur bei akuten gesundheitlichen Problemen darf dieser Haut zu Haut Kontakt unterbrochen werden. Wegen dieser beginnenden Verbundenheit ist eine gemeinsame Verlegung in eine Zentrumsklinik einer Trennung vorzuziehen. Bestehen Sie vor einer allf\u00e4lligen Trennung auf ein extra langes Beisammensein.<\/p>\n<p>Obwohl wir wissen, dass der Hautkontakt pr\u00e4gend f\u00fcr die Bindung ist, sind die Startbedingungen nicht immer ideal. Versuchen Sie, den verpassten Hautkontakt sobald als m\u00f6glich nachzuholen.<\/p>\n<h4>2. Neugeborenes die Brust suchen lassen &#8211; Ersterfahrung ohne Hilfsmittel<\/h4>\n<p>Im Kreissaal darf auch Ihr Kind mit einer Lippen- und Gaumen-Fehlbildung an die Brust gelegt werden. Vielleicht m\u00f6chte es nur lecken, oder seinen Kopf auf Ihren K\u00f6rper legen. Sein Saugbed\u00fcrfnis ist unmittelbar nach der Geburt ausgepr\u00e4gt wie bei jedem andern Neugeborenen. Die Bef\u00fcrchtung, es k\u00f6nnte Muttermilch aspirieren, ist v\u00f6llig unbegr\u00fcndet, da es die kleinen Kolostrum Mengen sehr geschickt schlucken kann.<\/p>\n<h4>3.\u00a0Kolostrummassage\u00a0und Kolostrum sofort geben<\/h4>\n<p>Mit der Kolostrummassage sind die Kalorien\u00a0sofort verf\u00fcgbar. Kolostrum k\u00f6nnen Sie direkt in den Mund ausmassieren, oder mit einem L\u00f6ffel, einer Spritze oder Pipette auf die Zunge gegeben.<\/p>\n<p>Es gibt werdende M\u00fctter, die bereits am Ende der Schwangerschaft etwas Kolostrum von Hand gewinnen, diese in einer kleinen Spritze einfrieren, um sie zur Geburt mit zu bringen.<\/p>\n<h4>4. Stillen mit Hilfsmitteln, auch ohne Platte<\/h4>\n<p>Stillen mit Hilfsmitteln ist mit oder ohne Mund-Nasen-Trennplatte m\u00f6glich \u2013 warten Sie nicht, beginnen Sie <span style=\"color: #3366ff;\">SOFORT<\/span> mit einem <span style=\"color: #3366ff;\">Hilfsmittel<\/span>. Das Erfolgserlebnis f\u00fcr Sie und Ihr Neugeborenes ist wichtig! Bitten Sie die Hebamme, die Still- und Laktationsberaterin IBCLC oder das Pflegepersonal um Hilfe bei der Anleitung. Bereits vor dem Einpassen einer Mund-Nasen-Trennplatte k\u00f6nnen Sie Ihr Neugeborenes an die Brust legen.<\/p>\n<p>Unbedeutend ist die eingenommene Milchmenge von der Brust. Ihr Baby bekommt einfach diejenige Menge ausmassierte oder abgepumpte Muttermilch, die ihm zusteht.<br \/>\nVermeiden Sie Wiegeproben, damit sind Entt\u00e4uschungen vorprogrammiert!<\/p>\n<h4>5.\u00a0Gewinnen von Muttermilch<\/h4>\n<p>Regelm\u00e4ssiges Abpumpen ist trotz der Stillversuche\u00a0unbedingt notwendig. <a title=\"Milchgewinnung\" href=\"http:\/\/lkgstillen.ch\/wordpress\/?page_id=25\">Siehe Milchgewinnung<\/a><\/p>\n<p>Wenn Sie die Milchproduktion mit einer elektrischen Doppelmilchpumpe aufbauen, k\u00f6nnen Sie sich zu einem sp\u00e4teren Zeitpunkt frei \u00fcber die weitere Ern\u00e4hrungsart Ihres Kindes entscheiden. Vielleicht sprudelt die Milch nur so \u2026. vielleicht fliessen aus Sorge um Ihr Kind nur<br \/>\neinige Tropfen Milch \u2026. aber jeder Tropfen ist kostbar &#8230;.<\/p>\n<h4>The HERZOG\u00a9Prinziple in English\u2026<a href=\"http:\/\/lkgstillen.ch\/wordpress\/wp-content\/uploads\/2015\/05\/Herzog-Principle_english.pdf\" target=\"_blank\" rel=\"noopener\">read more PDF<\/a><\/h4>\n<p><a href=\"http:\/\/lkgstillen.ch\/wordpress\/wp-content\/uploads\/2015\/04\/DasHerzogPrinzip_zusammen_engl.jpg\"><img loading=\"lazy\" decoding=\"async\" class=\"alignnone wp-image-619 size-full\" src=\"http:\/\/lkgstillen.ch\/wordpress\/wp-content\/uploads\/2015\/04\/DasHerzogPrinzip_zusammen_engl.jpg\" alt=\"DasHerzogPrinzip_zusammen_engl\" width=\"700\" height=\"332\" srcset=\"https:\/\/lkgstillen.ch\/wordpress\/wp-content\/uploads\/2015\/04\/DasHerzogPrinzip_zusammen_engl.jpg 700w, https:\/\/lkgstillen.ch\/wordpress\/wp-content\/uploads\/2015\/04\/DasHerzogPrinzip_zusammen_engl-300x142.jpg 300w\" sizes=\"auto, (max-width: 700px) 100vw, 700px\" \/><\/a><\/p>\n","protected":false},"excerpt":{"rendered":"<p>1. Hautkontakt intensiv Pr\u00e4gung des Neugeborenen \u2013\u00a0in unbeschr\u00e4nktem Hautkontakt lassen.\u00a0Geniessen Sie nach der Geburt Ihr Neugeborenes auf Ihrer Haut zu sp\u00fcren. Nur bei akuten gesundheitlichen Problemen darf dieser Haut zu Haut Kontakt unterbrochen werden. Wegen dieser beginnenden Verbundenheit ist eine &hellip; <a href=\"https:\/\/lkgstillen.ch\/wordpress\/das-herzog-prinzip\/\">Weiterlesen <span class=\"meta-nav\">&rarr;<\/span><\/a><\/p>\n","protected":false},"author":1,"featured_media":73,"parent":0,"menu_order":0,"comment_status":"closed","ping_status":"closed","template":"","meta":{"footnotes":""},"class_list":["post-200","page","type-page","status-publish","has-post-thumbnail","hentry"],"aioseo_notices":[],"_links":{"self":[{"href":"https:\/\/lkgstillen.ch\/wordpress\/wp-json\/wp\/v2\/pages\/200","targetHints":{"allow":["GET"]}}],"collection":[{"href":"https:\/\/lkgstillen.ch\/wordpress\/wp-json\/wp\/v2\/pages"}],"about":[{"href":"https:\/\/lkgstillen.ch\/wordpress\/wp-json\/wp\/v2\/types\/page"}],"author":[{"embeddable":true,"href":"https:\/\/lkgstillen.ch\/wordpress\/wp-json\/wp\/v2\/users\/1"}],"replies":[{"embeddable":true,"href":"https:\/\/lkgstillen.ch\/wordpress\/wp-json\/wp\/v2\/comments?post=200"}],"version-history":[{"count":29,"href":"https:\/\/lkgstillen.ch\/wordpress\/wp-json\/wp\/v2\/pages\/200\/revisions"}],"predecessor-version":[{"id":1411,"href":"https:\/\/lkgstillen.ch\/wordpress\/wp-json\/wp\/v2\/pages\/200\/revisions\/1411"}],"wp:featuredmedia":[{"embeddable":true,"href":"https:\/\/lkgstillen.ch\/wordpress\/wp-json\/wp\/v2\/media\/73"}],"wp:attachment":[{"href":"https:\/\/lkgstillen.ch\/wordpress\/wp-json\/wp\/v2\/media?parent=200"}],"curies":[{"name":"wp","href":"https:\/\/api.w.org\/{rel}","templated":true}]}}