{"id":196,"date":"2015-04-20T11:23:34","date_gmt":"2015-04-20T11:23:34","guid":{"rendered":"http:\/\/wp12210664.server-he.ch\/wordpress\/?page_id=196"},"modified":"2025-11-28T12:26:29","modified_gmt":"2025-11-28T12:26:29","slug":"praenatale-vorbereitung","status":"publish","type":"page","link":"https:\/\/lkgstillen.ch\/wordpress\/praenatale-vorbereitung\/","title":{"rendered":"Pr\u00e4natale Vorbereitung"},"content":{"rendered":"<h4>Pr\u00e4natal Diagnostik<\/h4>\n<p style=\"font-weight: 400;\">Immer \u00f6fters wird die LKGN-Fehlbildung bereits in der Schwangerschaft per Ultraschall erkannt.<\/p>\n<p>Wenn Sie von der LKGN-Fehlbildung Ihres Ungeborenen erfahren haben, bricht zuerst vielleicht eine Welt zusammen. Sie versuchen an Informationen zu gelangen, lesen, sehen Erfreuliches, Erschreckendes und beginnen nach dem ersten Schock wieder zuversichtlich nach vorne zu schauen.<br \/>\nHilfreich ist das baldige Gespr\u00e4ch im Spaltzentrum mit dem Chirurgen oder der Chirurgin und mit einer Sachverst\u00e4ndigen, <span lang=\"DE-CH\">die sich mit der Ern\u00e4hrung bei LKGN-Fehlbildungen auskennt.<\/span><\/p>\n<p>Diese fr\u00fchzeitige Diagnose gibt Ihnen und der Hebamme\/Stillberaterin Gelegenheit, in Ruhe \u00fcber die erste Zeit unmittelbar nach der Geburt, das Stillen oder andere Ern\u00e4hrungsm\u00f6glichkeiten zu sprechen und das notwendige Material zu beschaffen.<br \/>\nVorgeburtlich ist auch die <a title=\"Neue DVD\" href=\"http:\/\/lkgstillen.ch\/wordpress\/?page_id=48\">DVD Mauro \u2013 Yes, he can!<\/a>\u00a0am hilfreichsten.<\/p>\n<p>&nbsp;<\/p>\n<p><strong>Kolostrumgewinnung in der Schwangerschaft<\/strong><\/p>\n<p>Wenn es Ihnen gut geht in der Schwangerschaft und Sie von der zuk\u00fcnftigen Spaltfehlbildung Ihres Ungeborenen erfahren haben, bleibt gen\u00fcgend Zeit mit der Kolostrummassage einen kleinen Vorrat von dem wertvollen \u201eGold\u201c anzulegen. Damit vereinfachen Sie die Ern\u00e4hrung in den ersten Stunden nach der Geburt.<\/p>\n<p>Fragen Sie eine Still- und Lakationsberaterin IBCLC, eine erfahrene Stillberaterin, Hebamme oder Pflegefachfrau, wie Sie Kolostrum von Hand gewinnen k\u00f6nnen, was f\u00fcr Material es braucht, wie Sie es einfrieren, beschriften usw.<\/p>\n<p>Bei einer problemlosen Schwangerschaft d\u00fcrfen Sie ab der 37. Schwangerschaftswoche etwas Kolostrum ausmassieren, dieses einfrieren und zur Geburt als Starter mitnehmen.<\/p>\n<p style=\"font-weight: 400;\">Kolostrumgewinnung in der Schwangerschaft l\u00e4sst das Kolostrum nach der Geburt leichter fliessen.<\/p>\n<p>Nach der Geburt werden Sie und Ihr Baby den Hautkontakt geniessen. Es wird die Brust suchen, lassen Sie es einfach gew\u00e4hren. M\u00f6glicherweise k\u00f6nnen Sie ihm wertvolle Kolostrumtropfen direkt in den Mund massieren. Oder Sie belohnen es mit dem mitgebrachten Vorrat.<\/p>\n<p>Diese Vorbereitungen helfen auch unmittelbar nach einem Kaiserschnitt.<\/p>\n<p>Kontaktieren Sie unbedingt eine Fachperson, die sich in der Kolostrumgewinnung auskennt.<\/p>\n<p>&nbsp;<\/p>\n<p><strong>Aufruf zur gegenseitigen Toleranz<\/strong><\/p>\n<p>Ihr Baby mit offenem Gaumen zu stillen, ist kein einfacher Weg und nicht zu vergleichen mit dem ausschliesslichen Stillen eines Neugeborenen mit intaktem Gaumen.<\/p>\n<p>Ein Hilfsmittel an der Brust von Anfang an, festigt den angeborenen Suchreflex Ihres Babys. Weil es in der ersten Zeit sehr lernf\u00e4hig ist und merkt wie es satt wird an der Brust, wird es die Brust bald bevorzugen.<\/p>\n<p>K\u00f6nnen Sie sich vorstellen \u00fcber l\u00e4ngere Zeit Ihre Milchpumpe in den Tagesablauf zu integrieren? Erst nach dem kompletten Gaumenverschluss wird Ihrem Baby das Saugen mit Unterdruck gelingen. Was f\u00fcr ein Gef\u00fchl, danach beginnt f\u00fcr Sie ein Leben ohne Abpumpen und ohne Hilfsmittel! Geniessen Sie das normale Stillen als Besonderheit Ihrer ganz pers\u00f6nlichen Geschichte.<\/p>\n<p>Lassen Sie sich bereits in der Schwangerschaft von einer erfahrenen Hebamme oder Fachfrau beraten. Sie sind in guten H\u00e4nden, wenn diese Person sich in der Ern\u00e4hrung des Kindes bei \u00a0LKGN-Fehlbildungen auskennt. <span lang=\"DE-CH\">Setzen <\/span><span lang=\"DE-CH\">Sie Etappen von einer Woche, einem Monat und beobachten Sie, wie sich die Situation ver\u00e4ndert<\/span><span lang=\"DE-CH\">.<\/span><\/p>\n<p>Dazwischen gibt es alle Formen der Ern\u00e4hrungsm\u00f6glichkeiten.<\/p>\n<p>Falls Ihnen der Aufwand zu viel wird,\u00a0<span lang=\"DE-CH\">ist es grossartig, wenn Sie Ihre Milch weiterhin abpumpen.\u00a0<\/span>Die Immunstoffe in der Muttermilch helfen Ihrem Baby gesundheitlich <span style=\"color: #0066bf;\"><strong>auch kurzzeitig<\/strong>. <\/span>Wenn die Milch versiegt, werden Ihre Tage schnell mit anderen Dingen ausgef\u00fcllt sein. <span style=\"color: #0066bf;\"><strong>Warum nicht das Tragen intensiv<span style=\"color: #0066bf;\">ieren?<\/span><\/strong><\/span><\/p>\n<p>Ihr Baby ist besonders und Sie als Mutter\/Eltern sind es ebenso. Bitte werten Sie andere Betroffene nicht nach stillen oder nicht stillen. <span style=\"color: #0066bf;\"><strong>Alle wollen das Beste f\u00fcr ihr Kind, darum ben\u00f6tigen BEIDE Seiten Verst\u00e4ndnis.<\/strong><\/span><\/p>\n","protected":false},"excerpt":{"rendered":"<p>Pr\u00e4natal Diagnostik Immer \u00f6fters wird die LKGN-Fehlbildung bereits in der Schwangerschaft per Ultraschall erkannt. Wenn Sie von der LKGN-Fehlbildung Ihres Ungeborenen erfahren haben, bricht zuerst vielleicht eine Welt zusammen. Sie versuchen an Informationen zu gelangen, lesen, sehen Erfreuliches, Erschreckendes und &hellip; <a href=\"https:\/\/lkgstillen.ch\/wordpress\/praenatale-vorbereitung\/\">Weiterlesen <span class=\"meta-nav\">&rarr;<\/span><\/a><\/p>\n","protected":false},"author":1,"featured_media":637,"parent":0,"menu_order":0,"comment_status":"closed","ping_status":"closed","template":"","meta":{"footnotes":""},"class_list":["post-196","page","type-page","status-publish","has-post-thumbnail","hentry"],"aioseo_notices":[],"_links":{"self":[{"href":"https:\/\/lkgstillen.ch\/wordpress\/wp-json\/wp\/v2\/pages\/196","targetHints":{"allow":["GET"]}}],"collection":[{"href":"https:\/\/lkgstillen.ch\/wordpress\/wp-json\/wp\/v2\/pages"}],"about":[{"href":"https:\/\/lkgstillen.ch\/wordpress\/wp-json\/wp\/v2\/types\/page"}],"author":[{"embeddable":true,"href":"https:\/\/lkgstillen.ch\/wordpress\/wp-json\/wp\/v2\/users\/1"}],"replies":[{"embeddable":true,"href":"https:\/\/lkgstillen.ch\/wordpress\/wp-json\/wp\/v2\/comments?post=196"}],"version-history":[{"count":34,"href":"https:\/\/lkgstillen.ch\/wordpress\/wp-json\/wp\/v2\/pages\/196\/revisions"}],"predecessor-version":[{"id":1506,"href":"https:\/\/lkgstillen.ch\/wordpress\/wp-json\/wp\/v2\/pages\/196\/revisions\/1506"}],"wp:featuredmedia":[{"embeddable":true,"href":"https:\/\/lkgstillen.ch\/wordpress\/wp-json\/wp\/v2\/media\/637"}],"wp:attachment":[{"href":"https:\/\/lkgstillen.ch\/wordpress\/wp-json\/wp\/v2\/media?parent=196"}],"curies":[{"name":"wp","href":"https:\/\/api.w.org\/{rel}","templated":true}]}}