{"id":19,"date":"2015-03-25T10:55:01","date_gmt":"2015-03-25T10:55:01","guid":{"rendered":"http:\/\/wp12210664.server-he.ch\/wordpress\/?page_id=19"},"modified":"2025-11-28T12:23:56","modified_gmt":"2025-11-28T12:23:56","slug":"home","status":"publish","type":"page","link":"https:\/\/lkgstillen.ch\/wordpress\/","title":{"rendered":"Christa Herzog-Isler \u2013 Zu meiner Person"},"content":{"rendered":"<p style=\"font-weight: 400;\"><strong>Ern\u00e4hrungsfachfrau f\u00fcr Kinder mit einer Lippen- und Gaumenfehlbildung<\/strong><\/p>\n<p style=\"font-weight: 400;\"><span style=\"color: #ff0000;\">Die Bezeichnung Lippen-Kiefer-Gaumen Spalte ist \u00fcblich. Inzwischen wird \u00f6fters auch <strong>Lippen-Kiefer-Gaumen-Nasen-Fehlbildung, abgek\u00fcrzt LKGN-Fehlbildung <\/strong>verwendet.<\/span><\/p>\n<p>W\u00e4hrend der Jahre der Stillberatungen, auf Wochenbettstationen und im ambulanten Bereich erfuhr ich in der t\u00e4glichen Praxis die Sorgen und N\u00f6te sowohl der stillenden M\u00fctter wie auch der Pflegefachfrauen. Die F\u00e4higkeit des genauen Beobachtens von Kindern, die noch nicht sprechen konnten, erlangte ich in der Ausbildung zur Pflegefachfrau f\u00fcr Kinder. Von dieser F\u00e4higkeit profitiere ich noch heute.<\/p>\n<p>Als Dozentin am Europ\u00e4ischen Institut f\u00fcr Laktation und Stillen konnte ich mein Wissen verbreiten, ebenso an Fortbildungen und an Vortr\u00e4gen im In- und Ausland.<\/p>\n<p style=\"font-weight: 400;\">Besondere Freude bereitete mir die Zugeh\u00f6rigkeit zum interdisziplin\u00e4ren Spaltteam des Luzerner Kantonsspitals. Vorgeburtlich lernte ich die werdenden Eltern dank der Pr\u00e4nataldiagnostik kennen. \u00dcber Jahre hinweg durfte ich die Eltern und ihre Kinder begleiten und aufwachsen sehen.<\/p>\n<p style=\"font-weight: 400;\">\u00dcber <span lang=\"DE-CH\">WhatsApp, E- Mail, evtl. Zoom <\/span> coache ich Hebammen, Stillberaterinnen und Fachpersonen, die in der Schweiz, in Deutschland und in \u00d6sterreich M\u00fctter mit einem Kind mit <span lang=\"DE-CH\">LKGN-Fehlbildung <\/span>betreuen. Um dem Wunsch der Eltern nach bester und fr\u00fchzeitiger Information gerecht zu werden, sind Schulungen notwendig. Werdende Eltern und die vor Ort betreuende Fachfrau ergeben das wirksamste Ergebnis in der Beratung der Ern\u00e4hrung.<br \/>\nPriorit\u00e4ten sind die pr\u00e4natale Kolostrumgewinnung und nach der Geburt ein sanfter Start im Hautkontakt mit dem Neugeborenen.<\/p>\n<p><strong>Ern\u00e4hrungsfragen bei Babys<\/strong>\u00a0\u00a0 \u00a0 \u00a0\u00a0\u00a0\u00a0\u00a0\u00a0Heft <strong>10 <\/strong><\/p>\n<p><a href=\"http:\/\/lkgstillen.ch\/wordpress\/wp-content\/uploads\/2020\/02\/Heft_10_2019_Herzog_Titel_gelb.jpg\"><img loading=\"lazy\" decoding=\"async\" class=\"alignnone wp-image-975 size-medium\" src=\"http:\/\/lkgstillen.ch\/wordpress\/wp-content\/uploads\/2020\/02\/Heft_10_2019_Herzog_Titel_gelb-220x300.jpg\" alt=\"\" width=\"220\" height=\"300\" srcset=\"https:\/\/lkgstillen.ch\/wordpress\/wp-content\/uploads\/2020\/02\/Heft_10_2019_Herzog_Titel_gelb-220x300.jpg 220w, https:\/\/lkgstillen.ch\/wordpress\/wp-content\/uploads\/2020\/02\/Heft_10_2019_Herzog_Titel_gelb.jpg 624w\" sizes=\"auto, (max-width: 220px) 100vw, 220px\" \/><\/a><\/p>\n<p>mit Lippen-Kiefer-Gaumen-Nasen-Fehlbildungen<br \/>\nSelbsthilfevereinigung f\u00fcr Lippen-Gaumen-Fehlbildungen e.V.<br \/>\nWolfgang Rosenthal Gesellschaft<\/p>\n<p><strong>Christa Herzog-Isler, Ulrike Giebel, Andrea Siems<\/strong><\/p>\n<p>In der Informationsbrosch\u00fcre wird auf verschiedene M\u00f6glichkeiten der Nahrungsaufnahme eingegangen.<\/p>\n<p>N\u00e4here Infos und die Bestellung k\u00f6nnen Sie auf <a href=\"http:\/\/lkgstillen.ch\/wordpress\/buecher\">http:\/\/lkgstillen.ch\/wordpress\/buecher<\/a>\/ lesen und vornehmen.<\/p>\n<p>Sie ersetzt auf dem Gebiet der Ern\u00e4hrung von Babys mit einer LKGN-Fehlbildung meine mehrsprachige Brosch\u00fcre \u00abLasst uns etwas Zeit\u00bb, die nicht mehr dem neusten wissenschaftlichen Stand entspricht.\u00a0<span class=\"\">Auf Wunsch ist die Brosch\u00fcre \u00ab<\/span>Lasst uns etwas Zeit\u00bb \u00a0<span class=\"\">bei mir immer noch digital erh\u00e4ltlich.<\/span><span class=\"\">\u00a0<\/span><\/p>\n<p>2010 entstand <a title=\"Neue DVD\" href=\"http:\/\/lkgstillen.ch\/wordpress\/?page_id=48\">meine DVD, Mauro \u2013 \u201eYes, he can\u201c<\/a>. Sie ist in 5 Sprachen \u00fcbersetzt.<\/p>\n<p>Grosse Erfahrung sammelte ich beim j\u00e4hrlichen Kurzeinsatz in Indien in einer Kieferklinik. Dort stand die Ern\u00e4hrung von Kindern vor und nach deren Lippen- und Gaumenplastik im Mittelpunkt. Eltern und Kinder aus zwei komplett verschiedenen Kulturen zu begleiten, war eine grosse Bereicherung.<\/p>\n<p>Viel Freude bereiten mir meine 4 erwachsenen Kinder und die Enkelkinder.<\/p>\n<h2><span style=\"color: #374ebf;\"><strong>Beratungen<\/strong><\/span><\/h2>\n<p>Bei Bedarf berate ich Sie gerne <strong>telefonisch,\u00a0<\/strong>per<strong> E-Mail <\/strong>oder per<strong> WhatsApp.<\/strong><\/p>\n<p>Ihre Angaben behandle ich streng vertraulich. Vorgespr\u00e4ch\u00a0kostenlos, Folgeberatungen nach Absprache.<\/p>\n<p><strong><a href=\"http:\/\/lkgstillen.ch\/wordpress\/?page_id=402\">Hier k\u00f6nnen Sie mich per E-Mail erreichen<\/a><\/strong><\/p>\n<p><a href=\"https:\/\/www.cocoome.com\"><img loading=\"lazy\" decoding=\"async\" class=\"alignnone wp-image-1262\" src=\"https:\/\/lkgstillen.ch\/wordpress\/wp-content\/uploads\/2023\/06\/LKG_Stillen_cocoo-me-300x218.jpeg\" alt=\"\" width=\"450\" height=\"327\" srcset=\"https:\/\/lkgstillen.ch\/wordpress\/wp-content\/uploads\/2023\/06\/LKG_Stillen_cocoo-me-300x218.jpeg 300w, https:\/\/lkgstillen.ch\/wordpress\/wp-content\/uploads\/2023\/06\/LKG_Stillen_cocoo-me.jpeg 640w\" sizes=\"auto, (max-width: 450px) 100vw, 450px\" \/><\/a><\/p>\n<p><a href=\"https:\/\/lkgstillen.ch\/wordpress\/wp-content\/uploads\/2025\/11\/Rote_Trage.webp\"><img loading=\"lazy\" decoding=\"async\" class=\"alignnone size-full wp-image-1501\" src=\"https:\/\/lkgstillen.ch\/wordpress\/wp-content\/uploads\/2025\/11\/Rote_Trage.webp\" alt=\"\" width=\"312\" height=\"208\" srcset=\"https:\/\/lkgstillen.ch\/wordpress\/wp-content\/uploads\/2025\/11\/Rote_Trage.webp 312w, https:\/\/lkgstillen.ch\/wordpress\/wp-content\/uploads\/2025\/11\/Rote_Trage-300x200.webp 300w\" sizes=\"auto, (max-width: 312px) 100vw, 312px\" \/><\/a><\/p>\n<hr \/>\n<p>&nbsp;<\/p>\n","protected":false},"excerpt":{"rendered":"<p>Ern\u00e4hrungsfachfrau f\u00fcr Kinder mit einer Lippen- und Gaumenfehlbildung Die Bezeichnung Lippen-Kiefer-Gaumen Spalte ist \u00fcblich. Inzwischen wird \u00f6fters auch Lippen-Kiefer-Gaumen-Nasen-Fehlbildung, abgek\u00fcrzt LKGN-Fehlbildung verwendet. W\u00e4hrend der Jahre der Stillberatungen, auf Wochenbettstationen und im ambulanten Bereich erfuhr ich in der t\u00e4glichen Praxis die &hellip; <a href=\"https:\/\/lkgstillen.ch\/wordpress\/\">Weiterlesen <span class=\"meta-nav\">&rarr;<\/span><\/a><\/p>\n","protected":false},"author":1,"featured_media":90,"parent":0,"menu_order":0,"comment_status":"closed","ping_status":"closed","template":"","meta":{"footnotes":""},"class_list":["post-19","page","type-page","status-publish","has-post-thumbnail","hentry"],"aioseo_notices":[],"_links":{"self":[{"href":"https:\/\/lkgstillen.ch\/wordpress\/wp-json\/wp\/v2\/pages\/19","targetHints":{"allow":["GET"]}}],"collection":[{"href":"https:\/\/lkgstillen.ch\/wordpress\/wp-json\/wp\/v2\/pages"}],"about":[{"href":"https:\/\/lkgstillen.ch\/wordpress\/wp-json\/wp\/v2\/types\/page"}],"author":[{"embeddable":true,"href":"https:\/\/lkgstillen.ch\/wordpress\/wp-json\/wp\/v2\/users\/1"}],"replies":[{"embeddable":true,"href":"https:\/\/lkgstillen.ch\/wordpress\/wp-json\/wp\/v2\/comments?post=19"}],"version-history":[{"count":53,"href":"https:\/\/lkgstillen.ch\/wordpress\/wp-json\/wp\/v2\/pages\/19\/revisions"}],"predecessor-version":[{"id":1505,"href":"https:\/\/lkgstillen.ch\/wordpress\/wp-json\/wp\/v2\/pages\/19\/revisions\/1505"}],"wp:featuredmedia":[{"embeddable":true,"href":"https:\/\/lkgstillen.ch\/wordpress\/wp-json\/wp\/v2\/media\/90"}],"wp:attachment":[{"href":"https:\/\/lkgstillen.ch\/wordpress\/wp-json\/wp\/v2\/media?parent=19"}],"curies":[{"name":"wp","href":"https:\/\/api.w.org\/{rel}","templated":true}]}}